{"id":1637,"date":"2013-02-14T21:43:30","date_gmt":"2013-02-13T08:47:04","guid":{"rendered":"http:\/\/jajofo.de\/wordpress\/?page_id=1637"},"modified":"2018-02-25T09:21:57","modified_gmt":"2018-02-25T09:21:57","slug":"bio","status":"publish","type":"page","link":"https:\/\/jajofo.de\/wordpress\/bio\/","title":{"rendered":"Bio"},"content":{"rendered":"<p><strong><img loading=\"lazy\" class=\"size-medium wp-image-1022 alignright\" src=\"http:\/\/jajofo.de\/wordpress\/wp-content\/uploads\/2013\/02\/160321_Jaana_Jona_Spice016-freig-1-222x300.png\" alt=\"160321_Jaana_Jona_Spice016-freig\" width=\"222\" height=\"300\" srcset=\"https:\/\/jajofo.de\/wordpress\/wp-content\/uploads\/2013\/02\/160321_Jaana_Jona_Spice016-freig-1-222x300.png 222w, https:\/\/jajofo.de\/wordpress\/wp-content\/uploads\/2013\/02\/160321_Jaana_Jona_Spice016-freig-1-768x1036.png 768w, https:\/\/jajofo.de\/wordpress\/wp-content\/uploads\/2013\/02\/160321_Jaana_Jona_Spice016-freig-1-759x1024.png 759w, https:\/\/jajofo.de\/wordpress\/wp-content\/uploads\/2013\/02\/160321_Jaana_Jona_Spice016-freig-1-1200x1619.png 1200w\" sizes=\"(max-width: 222px) 85vw, 222px\" \/>Jaana Kern<\/strong><\/p>\n<p>Born in 1987, married since 2015, Activities: Drawing, Printdesign,Webdesign, Concept Art, Photography, Workshops.<\/p>\n<p>The combination of the traditional art techniques with photography and all varieties of graphic design makes my work impregnated of various styles &#8211; in an always ongoing development.<\/p>\n<p>Important steps in my career:&nbsp;<\/p>\n<div id=\"gt-res-c\" class=\"g-unit\">\n<div id=\"gt-res-p\">\n<div id=\"gt-res-data\">\n<div id=\"gt-res-wrap\">\n<div id=\"gt-res-content\">\n<ul>\n<li><span id=\"result_box\" class=\"\" lang=\"en\"><span title=\"Mon enfance plein de libert\u00e9 avec beaucoup de voyages \u00e0 travers le monde et le temps pour faire des \u00e9xperiences ...\n\">My childhood full of freedom with lots of travels around the world and time to experience the beauty of life &#8230;<\/span><\/span><\/li>\n<li><span id=\"result_box\" class=\"\" lang=\"en\"><span title=\"Un stage pratique chez ma tante infographiste Regine Hackenberg et son soutien continu dans la mati\u00e8re.\n\">A practical internship at my aunt, graphic designer Regine Hackenberg and her continuous support in the matter.<\/span><\/span><\/li>\n<li><span id=\"result_box\" class=\"\" lang=\"en\"><span title=\"Des projets de site web et de magazines divers.\n\">Web site projects and various group managements.<\/span><\/span><\/li>\n<li><span id=\"result_box\" class=\"\" lang=\"en\"><span title=\"Le travail comme artiste conceptionniste dans l'entreprise SDS\n\">Work as a Concept Artist in the SDS Company<\/span><\/span><\/li>\n<li><span id=\"result_box\" class=\"\" lang=\"en\"><span title=\"Le travail joint avec Laura Hoffmann, Webmaster\n\">The joint work with Laura Hoffmann, my sister, Webmaster<\/span><\/span><\/li>\n<li><span id=\"result_box\" class=\"\" lang=\"en\"><span title=\"Depuis 2005 je dessine des portraits et j'accepte des commissions.\n\">Since 2005 I draw portraits and I accept commissions.<\/span><\/span><\/li>\n<li><span id=\"result_box\" class=\"\" lang=\"en\"><span title=\"Je m'engage dans des communaut\u00e9s de photographie aux licences libres (entre autre sur www.gegen-bilderklau.net)\n\">I engage in photography communities with free licenses (among others on www.gegen-bilderklau.net)<\/span><\/span><\/li>\n<li><span id=\"result_box\" class=\"\" lang=\"en\"><span title=\"Depuis 2006 je suis membre actif sur la plateforme artistique internationale www.deviantart.com\n\">Since 2006 I am an active member on the international artistic platform www.deviantart.com<\/span><\/span><\/li>\n<li><span id=\"result_box\" class=\"\" lang=\"en\"><span title=\"Suivent des commissions en photographie et graphique pour l'\u00e9ditions Ippikon de Sabine Birmann www.mitpferdensein.de\n\">Following commissions in photography and graphics for Ippikon editions of Sabine Birmann www.mitpferdensein.de<\/span><\/span><\/li>\n<li><span id=\"result_box\" class=\"\" lang=\"en\"><span title=\"Mise en page du magazine interne de l'\u00e9cole Clonlara.\n\">Layout of Clonlara School&#8217;s internal magazine.<\/span><\/span><\/li>\n<li><span id=\"result_box\" class=\"\" lang=\"en\"><span title=\"Tous les travaux graphiques pour ma boutique &quot;l'\u00e9toile&quot; pour, entre autre, des produits et le marketing.\n\">All graphic work for my shop &#8220;l&#8217;\u00e9toile&#8221; for, among other things, products and marketing.<\/span><\/span><\/li>\n<li><span id=\"result_box\" class=\"\" lang=\"en\"><span title=\"Depuis 2010 je travaille en profession lib\u00e9rale pour les \u00e9ditions Ippikon de Sabine Birmann et je cr\u00e9e par exemple son agenda de stages annu\u00e9l.\n\">Since 2010 I work as a freelance professional for Ippikon editions of Sabine Birmann and I create, for example, his annual internship calendar.<\/span><\/span><\/li>\n<li><span id=\"result_box\" class=\"\" lang=\"en\"><span title=\"Pour les \u00e9ditions Ippikon j'etais charg\u00e9 de la mise en page pour le livre &quot;Mit Hunden sein - ein anderer Weg&quot; de Eva Windisch.\n\">For Ippikon editions I was responsible for the layout for Eva Windisch&#8217;s book &#8220;Mit Hunden sein &#8211; ein anderer Weg&#8221;.<\/span><\/span><\/li>\n<li><span id=\"result_box\" class=\"\" lang=\"en\"><span title=\"En Novembre 2012 est paru le livre &quot;Mit Pferden sein - K\u00f6rper, Sinne, Seele&quot; de Sabine Birmann pour lequel j'ai r\u00e9alis\u00e9 la mise en page avec l'auteur.\n\">In November 2012 came out the book &#8220;Mit Pferden sein &#8211; K\u00f6rper, Sinne, Seele&#8221; by Sabine Birmann for which I realized the layout with the author.<br \/>\n<\/span><\/span><\/li>\n<\/ul>\n<p><span id=\"result_box\" class=\"\" lang=\"en\"><span title=\"Plus:\n\">More:<br \/>\n<\/span><span title=\"Printemps 2015: Cr\u00e9ation d'une boutique sur Spreadshirt: www.jaanasartwork.spreadshirt.fr\n\">Spring 2015: Creation of a shop on Spreadshirt: www.jaanasartwork.spreadshirt.fr<br \/>\n<\/span><span title=\"\u00c9t\u00e9 2015: Tattoo-Designer sur: www.tattoodo.com\n\">Summer 2015: Tattoo-Designer on: www.tattoodo.com<br \/>\n<\/span><span title=\"Printemps&nbsp; 2016: mes pr\u00e9miers ventes sur&nbsp;Fotolia.com\n\">Spring 2016: my first sales at Fotolia.com<br \/>\n<\/span><span title=\"Automne 2016: D\u00e9but de la Chaine YouTube&nbsp;JaJoFo\n\">Fall 2016: Start of the JaJoFo YouTube Channel<br \/>\n<\/span><span title=\"Hiver 2017: Publication du livre &quot;Mit Pferden sein ... das Leben ist einmalig&quot; par Sabine Birmann\n\">Winter 2017: Publication of the book &#8220;Mit Pferden sein &#8230; das Leben ist einmalig&#8221; by Sabine Birmann<br \/>\n<\/span><span title=\"Automne 2017: Publication du livre &quot;Vom kleinen Affen, der Erbsen gegessen hat&quot; par Sabine Birmann\">Autumn 2017: Publication of the book &#8220;Vom kleinen Affen, der Erbsen gegessen hat&#8221; by Sabine Birmann<\/span><\/span><\/p>\n<\/div>\n<\/div>\n<\/div>\n<\/div>\n<\/div>\n<p>&nbsp;<\/p>\n<p>&nbsp;<\/p>\n<p>&nbsp;<\/p>\n<!-- index.php -->\n<div\n\tclass=\"ngg-galleryoverview ngg-ajax-pagination-none\"\n\tid=\"ngg-gallery-56ac97959e90a0db2d989b32433d7ba3-1\">\n\n    \t<div class=\"slideshowlink\">\n        <a href='https:\/\/jajofo.de\/wordpress\/bio\/nggallery\/slideshow'>&#091;Zeige eine Slideshow&#093;<\/a>\n\t\t\n\t<\/div>\n\t\t\t<!-- Thumbnails -->\n\t\t\t\t<div id=\"ngg-image-0\" class=\"ngg-gallery-thumbnail-box\" >\n\t\t\t\t        <div class=\"ngg-gallery-thumbnail\">\n            <a href=\"https:\/\/jajofo.de\/wordpress\/wp-content\/gallery\/mpsbuecher\/mithundenseinCover.jpg\"\n               title=\"Copyright 2011\"\n               data-src=\"https:\/\/jajofo.de\/wordpress\/wp-content\/gallery\/mpsbuecher\/mithundenseinCover.jpg\"\n               data-thumbnail=\"https:\/\/jajofo.de\/wordpress\/wp-content\/gallery\/mpsbuecher\/thumbs\/thumbs_mithundenseinCover.jpg\"\n               data-image-id=\"89\"\n               data-title=\"Cover: Mit Hunden sein\"\n               data-description=\"Copyright 2011\"\n               data-image-slug=\"mithundenseincover-1\"\n               class=\"ngg-fancybox\" rel=\"56ac97959e90a0db2d989b32433d7ba3\">\n                <img\n                    title=\"Cover: Mit Hunden sein\"\n                    alt=\"Cover: Mit Hunden sein\"\n                    src=\"https:\/\/jajofo.de\/wordpress\/wp-content\/gallery\/mpsbuecher\/thumbs\/thumbs_mithundenseinCover.jpg\"\n                    width=\"120\"\n                    height=\"90\"\n                    style=\"max-width:100%;\"\n                \/>\n            <\/a>\n        <\/div>\n\t\t\t\t\t\t\t<\/div> \n\t\t\t\n        \n\t\t\t\t<div id=\"ngg-image-1\" class=\"ngg-gallery-thumbnail-box\" >\n\t\t\t\t        <div class=\"ngg-gallery-thumbnail\">\n            <a href=\"https:\/\/jajofo.de\/wordpress\/wp-content\/gallery\/mpsbuecher\/Cover-Website-Front-web.jpg\"\n               title=\"\"\n               data-src=\"https:\/\/jajofo.de\/wordpress\/wp-content\/gallery\/mpsbuecher\/Cover-Website-Front-web.jpg\"\n               data-thumbnail=\"https:\/\/jajofo.de\/wordpress\/wp-content\/gallery\/mpsbuecher\/thumbs\/thumbs_Cover-Website-Front-web.jpg\"\n               data-image-id=\"90\"\n               data-title=\"Cover Mit Pferden sein - K\u00f6rper, Sinne, Seele von Sabine Birmann\"\n               data-description=\"\"\n               data-image-slug=\"cover-website-front-web-1\"\n               class=\"ngg-fancybox\" rel=\"56ac97959e90a0db2d989b32433d7ba3\">\n                <img\n                    title=\"Cover Mit Pferden sein - K\u00f6rper, Sinne, Seele von Sabine Birmann\"\n                    alt=\"Cover Mit Pferden sein - K\u00f6rper, Sinne, Seele von Sabine Birmann\"\n                    src=\"https:\/\/jajofo.de\/wordpress\/wp-content\/gallery\/mpsbuecher\/thumbs\/thumbs_Cover-Website-Front-web.jpg\"\n                    width=\"120\"\n                    height=\"90\"\n                    style=\"max-width:100%;\"\n                \/>\n            <\/a>\n        <\/div>\n\t\t\t\t\t\t\t<\/div> \n\t\t\t\n        \n\t\t\t\t<div id=\"ngg-image-2\" class=\"ngg-gallery-thumbnail-box\" >\n\t\t\t\t        <div class=\"ngg-gallery-thumbnail\">\n            <a href=\"https:\/\/jajofo.de\/wordpress\/wp-content\/gallery\/mpsbuecher\/Mit-Pferden-sein-3-dasLebenisteinmalig-Cover-Version5-3.jpg\"\n               title=\"\"\n               data-src=\"https:\/\/jajofo.de\/wordpress\/wp-content\/gallery\/mpsbuecher\/Mit-Pferden-sein-3-dasLebenisteinmalig-Cover-Version5-3.jpg\"\n               data-thumbnail=\"https:\/\/jajofo.de\/wordpress\/wp-content\/gallery\/mpsbuecher\/thumbs\/thumbs_Mit-Pferden-sein-3-dasLebenisteinmalig-Cover-Version5-3.jpg\"\n               data-image-id=\"91\"\n               data-title=\"Mit-Pferden-sein-3-dasLebenisteinmalig-Cover-Version5-3\"\n               data-description=\"\"\n               data-image-slug=\"mit-pferden-sein-3-daslebenisteinmalig-cover-version5-3\"\n               class=\"ngg-fancybox\" rel=\"56ac97959e90a0db2d989b32433d7ba3\">\n                <img\n                    title=\"Mit-Pferden-sein-3-dasLebenisteinmalig-Cover-Version5-3\"\n                    alt=\"Mit-Pferden-sein-3-dasLebenisteinmalig-Cover-Version5-3\"\n                    src=\"https:\/\/jajofo.de\/wordpress\/wp-content\/gallery\/mpsbuecher\/thumbs\/thumbs_Mit-Pferden-sein-3-dasLebenisteinmalig-Cover-Version5-3.jpg\"\n                    width=\"120\"\n                    height=\"90\"\n                    style=\"max-width:100%;\"\n                \/>\n            <\/a>\n        <\/div>\n\t\t\t\t\t\t\t<\/div> \n\t\t\t\n        \n\t\t\n\t\t<!-- Pagination -->\n\t<div class='ngg-clear'><\/div>\t<\/div>\n\n","protected":false},"excerpt":{"rendered":"<p>Jaana Kern Born in 1987, married since 2015, Activities: Drawing, Printdesign,Webdesign, Concept Art, Photography, Workshops. The combination of the traditional art techniques with photography and all varieties of graphic design makes my work impregnated of various styles &#8211; in an always ongoing development. Important steps in my career:&nbsp; My childhood full of freedom with lots &hellip; <a href=\"https:\/\/jajofo.de\/wordpress\/bio\/\" class=\"more-link\"><span class=\"screen-reader-text\">&#8222;Bio&#8220; <\/span>weiterlesen<\/a><\/p>\n","protected":false},"author":3,"featured_media":0,"parent":0,"menu_order":0,"comment_status":"closed","ping_status":"open","template":"","meta":{"ngg_post_thumbnail":0},"_links":{"self":[{"href":"https:\/\/jajofo.de\/wordpress\/wp-json\/wp\/v2\/pages\/1637"}],"collection":[{"href":"https:\/\/jajofo.de\/wordpress\/wp-json\/wp\/v2\/pages"}],"about":[{"href":"https:\/\/jajofo.de\/wordpress\/wp-json\/wp\/v2\/types\/page"}],"author":[{"embeddable":true,"href":"https:\/\/jajofo.de\/wordpress\/wp-json\/wp\/v2\/users\/3"}],"replies":[{"embeddable":true,"href":"https:\/\/jajofo.de\/wordpress\/wp-json\/wp\/v2\/comments?post=1637"}],"version-history":[{"count":1,"href":"https:\/\/jajofo.de\/wordpress\/wp-json\/wp\/v2\/pages\/1637\/revisions"}],"predecessor-version":[{"id":1638,"href":"https:\/\/jajofo.de\/wordpress\/wp-json\/wp\/v2\/pages\/1637\/revisions\/1638"}],"wp:attachment":[{"href":"https:\/\/jajofo.de\/wordpress\/wp-json\/wp\/v2\/media?parent=1637"}],"curies":[{"name":"wp","href":"https:\/\/api.w.org\/{rel}","templated":true}]}}