{"id":1648,"date":"2018-04-19T11:06:31","date_gmt":"2018-04-19T11:06:31","guid":{"rendered":"http:\/\/jajofo.de\/wordpress\/?page_id=1648"},"modified":"2022-10-13T17:25:59","modified_gmt":"2022-10-13T17:25:59","slug":"tattoo-design","status":"publish","type":"page","link":"https:\/\/jajofo.de\/wordpress\/tattoo-design\/","title":{"rendered":"Tattoo-Design"},"content":{"rendered":"<p>Tattoo-Designs sind in der Regel wesentlich aufwendiger als Portr\u00e4tzeichnungen, da wir gemeinsam das perfekte Motiv finden m\u00fcssen, welches ihr euch f\u00fcr den Rest eures Lebens in die Haut stechen lassen wollt. Ich mache zu Beginn bis zu 3 Entw\u00fcrfe aus denen ihr euch eines aussuchen k\u00f6nnt, welchen wir dann \u00fcber mehrere Korrekturschleifen zusammen zu dem perfekten Design werden lassen.<\/p>\n<table border=\"1\" width=\"100%\" cellspacing=\"0\" cellpadding=\"4\">\n<colgroup>\n<col width=\"85*\">\n<col width=\"85*\">\n<col width=\"85*\"><\/colgroup>\n<tbody>\n<tr valign=\"TOP\">\n<td width=\"33%\">&nbsp;Tattoos:<\/td>\n<td width=\"33%\">&nbsp;Schwarz\/Wei\u00df<\/td>\n<td width=\"33%\">Farbe&nbsp;<\/td>\n<\/tr>\n<tr valign=\"TOP\">\n<td width=\"33%\">&nbsp;Klein (max. 7 x 7 cm)<\/td>\n<td width=\"33%\">&nbsp;65 \u20ac<\/td>\n<td width=\"33%\">&nbsp;85 \u20ac<\/td>\n<\/tr>\n<tr valign=\"TOP\">\n<td width=\"33%\">&nbsp;Mittel (max. 15 x 15 cm)<\/td>\n<td width=\"33%\">&nbsp;105 \u20ac<\/td>\n<td width=\"33%\">&nbsp;135 \u20ac<\/td>\n<\/tr>\n<tr valign=\"TOP\">\n<td width=\"33%\">&nbsp;Gro\u00df (half-sleeve \/ &lt; 30 x 30 cm)<\/td>\n<td width=\"33%\">&nbsp;185 \u20ac<\/td>\n<td width=\"33%\">&nbsp;235 \u20ac<\/td>\n<\/tr>\n<\/tbody>\n<\/table>\n<p>Gr\u00f6\u00dfere Formate auf Anfrage. Alle Preise inklusive aller Steuern. Das fertige Design erhaltet ihr digital per Mail. Schickt mir ruhig eine Sammlung von Tattoos in Stilen die ihr m\u00f6gt z.B. \u00fcber Tattoodo.com oder Pinterest.<\/p>\n<p><a href=\"http:\/\/jajofo.de\/wordpress\/kontakt\/\"><img loading=\"lazy\" class=\"size-full wp-image-1432 aligncenter\" src=\"http:\/\/jajofo.de\/wordpress\/wp-content\/uploads\/2018\/02\/buttonportraitbestellen.png\" sizes=\"(max-width: 386px) 85vw, 386px\" srcset=\"http:\/\/jajofo.de\/wordpress\/wp-content\/uploads\/2018\/02\/buttonportraitbestellen.png 386w, http:\/\/jajofo.de\/wordpress\/wp-content\/uploads\/2018\/02\/buttonportraitbestellen-300x47.png 300w\" alt=\"\" width=\"386\" height=\"60\"><\/a><\/p>\n<h2>Beispiele:<\/h2>\n<!-- index.php -->\n<div\n\tclass=\"ngg-galleryoverview ngg-ajax-pagination-none\"\n\tid=\"ngg-gallery-24d9e0b2a767a22ff2ab110085d2bc53-1\">\n\n    \t\t<!-- Thumbnails -->\n\t\t\t\t<div id=\"ngg-image-0\" class=\"ngg-gallery-thumbnail-box\" >\n\t\t\t\t        <div class=\"ngg-gallery-thumbnail\">\n            <a href=\"https:\/\/jajofo.de\/wordpress\/wp-content\/gallery\/tattoo-design\/04-16-celticinitials-v4-neu.jpg\"\n               title=\"\"\n               data-src=\"https:\/\/jajofo.de\/wordpress\/wp-content\/gallery\/tattoo-design\/04-16-celticinitials-v4-neu.jpg\"\n               data-thumbnail=\"https:\/\/jajofo.de\/wordpress\/wp-content\/gallery\/tattoo-design\/thumbs\/thumbs_04-16-celticinitials-v4-neu.jpg\"\n               data-image-id=\"136\"\n               data-title=\"04-16-celticinitials-v4-neu\"\n               data-description=\"\"\n               data-image-slug=\"04-16-celticinitials-v4-neu\"\n               class=\"ngg-fancybox\" rel=\"24d9e0b2a767a22ff2ab110085d2bc53\">\n                <img\n                    title=\"04-16-celticinitials-v4-neu\"\n                    alt=\"04-16-celticinitials-v4-neu\"\n                    src=\"https:\/\/jajofo.de\/wordpress\/wp-content\/gallery\/tattoo-design\/thumbs\/thumbs_04-16-celticinitials-v4-neu.jpg\"\n                    width=\"120\"\n                    height=\"90\"\n                    style=\"max-width:100%;\"\n                \/>\n            <\/a>\n        <\/div>\n\t\t\t\t\t\t\t<\/div> \n\t\t\t\n        \n\t\t\t\t<div id=\"ngg-image-1\" class=\"ngg-gallery-thumbnail-box\" >\n\t\t\t\t        <div class=\"ngg-gallery-thumbnail\">\n            <a href=\"https:\/\/jajofo.de\/wordpress\/wp-content\/gallery\/tattoo-design\/04-16familycrest2lions-bg-V2shadedcolor.jpg\"\n               title=\"\"\n               data-src=\"https:\/\/jajofo.de\/wordpress\/wp-content\/gallery\/tattoo-design\/04-16familycrest2lions-bg-V2shadedcolor.jpg\"\n               data-thumbnail=\"https:\/\/jajofo.de\/wordpress\/wp-content\/gallery\/tattoo-design\/thumbs\/thumbs_04-16familycrest2lions-bg-V2shadedcolor.jpg\"\n               data-image-id=\"137\"\n               data-title=\"04-16familycrest2lions-bg-V2shadedcolor\"\n               data-description=\"\"\n               data-image-slug=\"04-16familycrest2lions-bg-v2shadedcolor\"\n               class=\"ngg-fancybox\" rel=\"24d9e0b2a767a22ff2ab110085d2bc53\">\n                <img\n                    title=\"04-16familycrest2lions-bg-V2shadedcolor\"\n                    alt=\"04-16familycrest2lions-bg-V2shadedcolor\"\n                    src=\"https:\/\/jajofo.de\/wordpress\/wp-content\/gallery\/tattoo-design\/thumbs\/thumbs_04-16familycrest2lions-bg-V2shadedcolor.jpg\"\n                    width=\"120\"\n                    height=\"90\"\n                    style=\"max-width:100%;\"\n                \/>\n            <\/a>\n        <\/div>\n\t\t\t\t\t\t\t<\/div> \n\t\t\t\n        \n\t\t\t\t<div id=\"ngg-image-2\" class=\"ngg-gallery-thumbnail-box\" >\n\t\t\t\t        <div class=\"ngg-gallery-thumbnail\">\n            <a href=\"https:\/\/jajofo.de\/wordpress\/wp-content\/gallery\/tattoo-design\/04-16-halfbuffalo-scan-v1.jpg\"\n               title=\"\"\n               data-src=\"https:\/\/jajofo.de\/wordpress\/wp-content\/gallery\/tattoo-design\/04-16-halfbuffalo-scan-v1.jpg\"\n               data-thumbnail=\"https:\/\/jajofo.de\/wordpress\/wp-content\/gallery\/tattoo-design\/thumbs\/thumbs_04-16-halfbuffalo-scan-v1.jpg\"\n               data-image-id=\"138\"\n               data-title=\"04-16-halfbuffalo-scan-v1\"\n               data-description=\"\"\n               data-image-slug=\"04-16-halfbuffalo-scan-v1\"\n               class=\"ngg-fancybox\" rel=\"24d9e0b2a767a22ff2ab110085d2bc53\">\n                <img\n                    title=\"04-16-halfbuffalo-scan-v1\"\n                    alt=\"04-16-halfbuffalo-scan-v1\"\n                    src=\"https:\/\/jajofo.de\/wordpress\/wp-content\/gallery\/tattoo-design\/thumbs\/thumbs_04-16-halfbuffalo-scan-v1.jpg\"\n                    width=\"120\"\n                    height=\"90\"\n                    style=\"max-width:100%;\"\n                \/>\n            <\/a>\n        <\/div>\n\t\t\t\t\t\t\t<\/div> \n\t\t\t\n        \n\t\t\t\t<div id=\"ngg-image-3\" class=\"ngg-gallery-thumbnail-box\" >\n\t\t\t\t        <div class=\"ngg-gallery-thumbnail\">\n            <a href=\"https:\/\/jajofo.de\/wordpress\/wp-content\/gallery\/tattoo-design\/2016kompr_01.jpg\"\n               title=\"\"\n               data-src=\"https:\/\/jajofo.de\/wordpress\/wp-content\/gallery\/tattoo-design\/2016kompr_01.jpg\"\n               data-thumbnail=\"https:\/\/jajofo.de\/wordpress\/wp-content\/gallery\/tattoo-design\/thumbs\/thumbs_2016kompr_01.jpg\"\n               data-image-id=\"139\"\n               data-title=\"2016kompr_01\"\n               data-description=\"\"\n               data-image-slug=\"2016kompr_01\"\n               class=\"ngg-fancybox\" rel=\"24d9e0b2a767a22ff2ab110085d2bc53\">\n                <img\n                    title=\"2016kompr_01\"\n                    alt=\"2016kompr_01\"\n                    src=\"https:\/\/jajofo.de\/wordpress\/wp-content\/gallery\/tattoo-design\/thumbs\/thumbs_2016kompr_01.jpg\"\n                    width=\"120\"\n                    height=\"90\"\n                    style=\"max-width:100%;\"\n                \/>\n            <\/a>\n        <\/div>\n\t\t\t\t\t\t\t<\/div> \n\t\t\t\n        \n\t\t\t\t<div id=\"ngg-image-4\" class=\"ngg-gallery-thumbnail-box\" >\n\t\t\t\t        <div class=\"ngg-gallery-thumbnail\">\n            <a href=\"https:\/\/jajofo.de\/wordpress\/wp-content\/gallery\/tattoo-design\/2016kompr_03.jpg\"\n               title=\"\"\n               data-src=\"https:\/\/jajofo.de\/wordpress\/wp-content\/gallery\/tattoo-design\/2016kompr_03.jpg\"\n               data-thumbnail=\"https:\/\/jajofo.de\/wordpress\/wp-content\/gallery\/tattoo-design\/thumbs\/thumbs_2016kompr_03.jpg\"\n               data-image-id=\"140\"\n               data-title=\"2016kompr_03\"\n               data-description=\"\"\n               data-image-slug=\"2016kompr_03\"\n               class=\"ngg-fancybox\" rel=\"24d9e0b2a767a22ff2ab110085d2bc53\">\n                <img\n                    title=\"2016kompr_03\"\n                    alt=\"2016kompr_03\"\n                    src=\"https:\/\/jajofo.de\/wordpress\/wp-content\/gallery\/tattoo-design\/thumbs\/thumbs_2016kompr_03.jpg\"\n                    width=\"120\"\n                    height=\"90\"\n                    style=\"max-width:100%;\"\n                \/>\n            <\/a>\n        <\/div>\n\t\t\t\t\t\t\t<\/div> \n\t\t\t\n        \n\t\t\t\t<div id=\"ngg-image-5\" class=\"ngg-gallery-thumbnail-box\" >\n\t\t\t\t        <div class=\"ngg-gallery-thumbnail\">\n            <a href=\"https:\/\/jajofo.de\/wordpress\/wp-content\/gallery\/tattoo-design\/10858642_903287553079948_6454544873826031573_n.jpg\"\n               title=\"\"\n               data-src=\"https:\/\/jajofo.de\/wordpress\/wp-content\/gallery\/tattoo-design\/10858642_903287553079948_6454544873826031573_n.jpg\"\n               data-thumbnail=\"https:\/\/jajofo.de\/wordpress\/wp-content\/gallery\/tattoo-design\/thumbs\/thumbs_10858642_903287553079948_6454544873826031573_n.jpg\"\n               data-image-id=\"141\"\n               data-title=\"10858642_903287553079948_6454544873826031573_n\"\n               data-description=\"\"\n               data-image-slug=\"10858642_903287553079948_6454544873826031573_n\"\n               class=\"ngg-fancybox\" rel=\"24d9e0b2a767a22ff2ab110085d2bc53\">\n                <img\n                    title=\"10858642_903287553079948_6454544873826031573_n\"\n                    alt=\"10858642_903287553079948_6454544873826031573_n\"\n                    src=\"https:\/\/jajofo.de\/wordpress\/wp-content\/gallery\/tattoo-design\/thumbs\/thumbs_10858642_903287553079948_6454544873826031573_n.jpg\"\n                    width=\"120\"\n                    height=\"90\"\n                    style=\"max-width:100%;\"\n                \/>\n            <\/a>\n        <\/div>\n\t\t\t\t\t\t\t<\/div> \n\t\t\t\n        \n\t\t\t\t<div id=\"ngg-image-6\" class=\"ngg-gallery-thumbnail-box\" >\n\t\t\t\t        <div class=\"ngg-gallery-thumbnail\">\n            <a href=\"https:\/\/jajofo.de\/wordpress\/wp-content\/gallery\/tattoo-design\/11062355_835817519826952_3102461298967952856_n.png\"\n               title=\"\"\n               data-src=\"https:\/\/jajofo.de\/wordpress\/wp-content\/gallery\/tattoo-design\/11062355_835817519826952_3102461298967952856_n.png\"\n               data-thumbnail=\"https:\/\/jajofo.de\/wordpress\/wp-content\/gallery\/tattoo-design\/thumbs\/thumbs_11062355_835817519826952_3102461298967952856_n.png\"\n               data-image-id=\"142\"\n               data-title=\"11062355_835817519826952_3102461298967952856_n\"\n               data-description=\"\"\n               data-image-slug=\"11062355_835817519826952_3102461298967952856_n\"\n               class=\"ngg-fancybox\" rel=\"24d9e0b2a767a22ff2ab110085d2bc53\">\n                <img\n                    title=\"11062355_835817519826952_3102461298967952856_n\"\n                    alt=\"11062355_835817519826952_3102461298967952856_n\"\n                    src=\"https:\/\/jajofo.de\/wordpress\/wp-content\/gallery\/tattoo-design\/thumbs\/thumbs_11062355_835817519826952_3102461298967952856_n.png\"\n                    width=\"120\"\n                    height=\"90\"\n                    style=\"max-width:100%;\"\n                \/>\n            <\/a>\n        <\/div>\n\t\t\t\t\t\t\t<\/div> \n\t\t\t\n        \n\t\t\t\t<div id=\"ngg-image-7\" class=\"ngg-gallery-thumbnail-box\" >\n\t\t\t\t        <div class=\"ngg-gallery-thumbnail\">\n            <a href=\"https:\/\/jajofo.de\/wordpress\/wp-content\/gallery\/tattoo-design\/11218921_903287563079947_3109467076488189848_n.jpg\"\n               title=\"\"\n               data-src=\"https:\/\/jajofo.de\/wordpress\/wp-content\/gallery\/tattoo-design\/11218921_903287563079947_3109467076488189848_n.jpg\"\n               data-thumbnail=\"https:\/\/jajofo.de\/wordpress\/wp-content\/gallery\/tattoo-design\/thumbs\/thumbs_11218921_903287563079947_3109467076488189848_n.jpg\"\n               data-image-id=\"143\"\n               data-title=\"11218921_903287563079947_3109467076488189848_n\"\n               data-description=\"\"\n               data-image-slug=\"11218921_903287563079947_3109467076488189848_n\"\n               class=\"ngg-fancybox\" rel=\"24d9e0b2a767a22ff2ab110085d2bc53\">\n                <img\n                    title=\"11218921_903287563079947_3109467076488189848_n\"\n                    alt=\"11218921_903287563079947_3109467076488189848_n\"\n                    src=\"https:\/\/jajofo.de\/wordpress\/wp-content\/gallery\/tattoo-design\/thumbs\/thumbs_11218921_903287563079947_3109467076488189848_n.jpg\"\n                    width=\"120\"\n                    height=\"90\"\n                    style=\"max-width:100%;\"\n                \/>\n            <\/a>\n        <\/div>\n\t\t\t\t\t\t\t<\/div> \n\t\t\t\n        \n\t\t\t\t<div id=\"ngg-image-8\" class=\"ngg-gallery-thumbnail-box\" >\n\t\t\t\t        <div class=\"ngg-gallery-thumbnail\">\n            <a href=\"https:\/\/jajofo.de\/wordpress\/wp-content\/gallery\/tattoo-design\/12188882_937456396329730_3738626565837639695_n.jpg\"\n               title=\"\"\n               data-src=\"https:\/\/jajofo.de\/wordpress\/wp-content\/gallery\/tattoo-design\/12188882_937456396329730_3738626565837639695_n.jpg\"\n               data-thumbnail=\"https:\/\/jajofo.de\/wordpress\/wp-content\/gallery\/tattoo-design\/thumbs\/thumbs_12188882_937456396329730_3738626565837639695_n.jpg\"\n               data-image-id=\"144\"\n               data-title=\"12188882_937456396329730_3738626565837639695_n\"\n               data-description=\"\"\n               data-image-slug=\"12188882_937456396329730_3738626565837639695_n\"\n               class=\"ngg-fancybox\" rel=\"24d9e0b2a767a22ff2ab110085d2bc53\">\n                <img\n                    title=\"12188882_937456396329730_3738626565837639695_n\"\n                    alt=\"12188882_937456396329730_3738626565837639695_n\"\n                    src=\"https:\/\/jajofo.de\/wordpress\/wp-content\/gallery\/tattoo-design\/thumbs\/thumbs_12188882_937456396329730_3738626565837639695_n.jpg\"\n                    width=\"120\"\n                    height=\"90\"\n                    style=\"max-width:100%;\"\n                \/>\n            <\/a>\n        <\/div>\n\t\t\t\t\t\t\t<\/div> \n\t\t\t\n        \n\t\t\t\t<div id=\"ngg-image-9\" class=\"ngg-gallery-thumbnail-box\" >\n\t\t\t\t        <div class=\"ngg-gallery-thumbnail\">\n            <a href=\"https:\/\/jajofo.de\/wordpress\/wp-content\/gallery\/tattoo-design\/anchortreewings-V2.jpg\"\n               title=\"\"\n               data-src=\"https:\/\/jajofo.de\/wordpress\/wp-content\/gallery\/tattoo-design\/anchortreewings-V2.jpg\"\n               data-thumbnail=\"https:\/\/jajofo.de\/wordpress\/wp-content\/gallery\/tattoo-design\/thumbs\/thumbs_anchortreewings-V2.jpg\"\n               data-image-id=\"145\"\n               data-title=\"anchortreewings-V2\"\n               data-description=\"\"\n               data-image-slug=\"anchortreewings-v2\"\n               class=\"ngg-fancybox\" rel=\"24d9e0b2a767a22ff2ab110085d2bc53\">\n                <img\n                    title=\"anchortreewings-V2\"\n                    alt=\"anchortreewings-V2\"\n                    src=\"https:\/\/jajofo.de\/wordpress\/wp-content\/gallery\/tattoo-design\/thumbs\/thumbs_anchortreewings-V2.jpg\"\n                    width=\"120\"\n                    height=\"90\"\n                    style=\"max-width:100%;\"\n                \/>\n            <\/a>\n        <\/div>\n\t\t\t\t\t\t\t<\/div> \n\t\t\t\n        \n\t\t\n\t\t<!-- Pagination -->\n\t<div class='ngg-clear'><\/div>\t<\/div>\n\n","protected":false},"excerpt":{"rendered":"<p>Tattoo-Designs sind in der Regel wesentlich aufwendiger als Portr\u00e4tzeichnungen, da wir gemeinsam das perfekte Motiv finden m\u00fcssen, welches ihr euch f\u00fcr den Rest eures Lebens in die Haut stechen lassen wollt. Ich mache zu Beginn bis zu 3 Entw\u00fcrfe aus denen ihr euch eines aussuchen k\u00f6nnt, welchen wir dann \u00fcber mehrere Korrekturschleifen zusammen zu dem &hellip; <a href=\"https:\/\/jajofo.de\/wordpress\/tattoo-design\/\" class=\"more-link\"><span class=\"screen-reader-text\">&#8222;Tattoo-Design&#8220; <\/span>weiterlesen<\/a><\/p>\n","protected":false},"author":3,"featured_media":0,"parent":0,"menu_order":0,"comment_status":"closed","ping_status":"closed","template":"","meta":{"ngg_post_thumbnail":0},"_links":{"self":[{"href":"https:\/\/jajofo.de\/wordpress\/wp-json\/wp\/v2\/pages\/1648"}],"collection":[{"href":"https:\/\/jajofo.de\/wordpress\/wp-json\/wp\/v2\/pages"}],"about":[{"href":"https:\/\/jajofo.de\/wordpress\/wp-json\/wp\/v2\/types\/page"}],"author":[{"embeddable":true,"href":"https:\/\/jajofo.de\/wordpress\/wp-json\/wp\/v2\/users\/3"}],"replies":[{"embeddable":true,"href":"https:\/\/jajofo.de\/wordpress\/wp-json\/wp\/v2\/comments?post=1648"}],"version-history":[{"count":5,"href":"https:\/\/jajofo.de\/wordpress\/wp-json\/wp\/v2\/pages\/1648\/revisions"}],"predecessor-version":[{"id":1758,"href":"https:\/\/jajofo.de\/wordpress\/wp-json\/wp\/v2\/pages\/1648\/revisions\/1758"}],"wp:attachment":[{"href":"https:\/\/jajofo.de\/wordpress\/wp-json\/wp\/v2\/media?parent=1648"}],"curies":[{"name":"wp","href":"https:\/\/api.w.org\/{rel}","templated":true}]}}