{"id":1706,"date":"2018-07-29T12:51:02","date_gmt":"2018-07-29T12:51:02","guid":{"rendered":"http:\/\/jajofo.de\/wordpress\/?page_id=1706"},"modified":"2022-10-13T17:23:23","modified_gmt":"2022-10-13T17:23:23","slug":"pferde-ausmalbuch","status":"publish","type":"page","link":"https:\/\/jajofo.de\/wordpress\/pferde-ausmalbuch\/","title":{"rendered":"Pferde-Ausmalbuch"},"content":{"rendered":"<p>Mit Stolz pr\u00e4sentiere ich euch hier mein erstes eigenes Werk: das Pferde-Ausmalbuch 2018! Klickt auf die Bilder um sie zu vergr\u00f6\u00dfern.<\/p>\n<p><!-- index.php -->\n<div\n\tclass=\"ngg-galleryoverview ngg-ajax-pagination-none\"\n\tid=\"ngg-gallery-4a7d9e2b842915da4cb29495673c7c5d-1\">\n\n    \t\t<!-- Thumbnails -->\n\t\t\t\t<div id=\"ngg-image-0\" class=\"ngg-gallery-thumbnail-box\" >\n\t\t\t\t        <div class=\"ngg-gallery-thumbnail\">\n            <a href=\"https:\/\/jajofo.de\/wordpress\/wp-content\/gallery\/ausmalbilder2018\/ausmalbuchcover1DE.jpg\"\n               title=\"\"\n               data-src=\"https:\/\/jajofo.de\/wordpress\/wp-content\/gallery\/ausmalbilder2018\/ausmalbuchcover1DE.jpg\"\n               data-thumbnail=\"https:\/\/jajofo.de\/wordpress\/wp-content\/gallery\/ausmalbilder2018\/thumbs\/thumbs_ausmalbuchcover1DE.jpg\"\n               data-image-id=\"186\"\n               data-title=\"ausmalbuchcover1DE\"\n               data-description=\"\"\n               data-image-slug=\"ausmalbuchcover1de-3\"\n               class=\"ngg-fancybox\" rel=\"4a7d9e2b842915da4cb29495673c7c5d\">\n                <img\n                    title=\"ausmalbuchcover1DE\"\n                    alt=\"ausmalbuchcover1DE\"\n                    src=\"https:\/\/jajofo.de\/wordpress\/wp-content\/gallery\/ausmalbilder2018\/thumbs\/thumbs_ausmalbuchcover1DE.jpg\"\n                    width=\"120\"\n                    height=\"90\"\n                    style=\"max-width:100%;\"\n                \/>\n            <\/a>\n        <\/div>\n\t\t\t\t\t\t\t<\/div> \n\t\t\t\n        \n\t\t\t\t<div id=\"ngg-image-1\" class=\"ngg-gallery-thumbnail-box\" >\n\t\t\t\t        <div class=\"ngg-gallery-thumbnail\">\n            <a href=\"https:\/\/jajofo.de\/wordpress\/wp-content\/gallery\/ausmalbilder2018\/ausmalbuch1-innenteil.jpg\"\n               title=\"\"\n               data-src=\"https:\/\/jajofo.de\/wordpress\/wp-content\/gallery\/ausmalbilder2018\/ausmalbuch1-innenteil.jpg\"\n               data-thumbnail=\"https:\/\/jajofo.de\/wordpress\/wp-content\/gallery\/ausmalbilder2018\/thumbs\/thumbs_ausmalbuch1-innenteil.jpg\"\n               data-image-id=\"185\"\n               data-title=\"ausmalbuch1-innenteil\"\n               data-description=\"\"\n               data-image-slug=\"ausmalbuch1-innenteil-3\"\n               class=\"ngg-fancybox\" rel=\"4a7d9e2b842915da4cb29495673c7c5d\">\n                <img\n                    title=\"ausmalbuch1-innenteil\"\n                    alt=\"ausmalbuch1-innenteil\"\n                    src=\"https:\/\/jajofo.de\/wordpress\/wp-content\/gallery\/ausmalbilder2018\/thumbs\/thumbs_ausmalbuch1-innenteil.jpg\"\n                    width=\"120\"\n                    height=\"90\"\n                    style=\"max-width:100%;\"\n                \/>\n            <\/a>\n        <\/div>\n\t\t\t\t\t\t\t<\/div> \n\t\t\t\n        \n\t\t\t\t<div id=\"ngg-image-2\" class=\"ngg-gallery-thumbnail-box\" >\n\t\t\t\t        <div class=\"ngg-gallery-thumbnail\">\n            <a href=\"https:\/\/jajofo.de\/wordpress\/wp-content\/gallery\/ausmalbilder2018\/coloriageexemple.jpg\"\n               title=\"\"\n               data-src=\"https:\/\/jajofo.de\/wordpress\/wp-content\/gallery\/ausmalbilder2018\/coloriageexemple.jpg\"\n               data-thumbnail=\"https:\/\/jajofo.de\/wordpress\/wp-content\/gallery\/ausmalbilder2018\/thumbs\/thumbs_coloriageexemple.jpg\"\n               data-image-id=\"187\"\n               data-title=\"coloriageexemple\"\n               data-description=\"\"\n               data-image-slug=\"coloriageexemple-3\"\n               class=\"ngg-fancybox\" rel=\"4a7d9e2b842915da4cb29495673c7c5d\">\n                <img\n                    title=\"coloriageexemple\"\n                    alt=\"coloriageexemple\"\n                    src=\"https:\/\/jajofo.de\/wordpress\/wp-content\/gallery\/ausmalbilder2018\/thumbs\/thumbs_coloriageexemple.jpg\"\n                    width=\"120\"\n                    height=\"90\"\n                    style=\"max-width:100%;\"\n                \/>\n            <\/a>\n        <\/div>\n\t\t\t\t\t\t\t<\/div> \n\t\t\t\n        \n\t\t\t\t<div id=\"ngg-image-3\" class=\"ngg-gallery-thumbnail-box\" >\n\t\t\t\t        <div class=\"ngg-gallery-thumbnail\">\n            <a href=\"https:\/\/jajofo.de\/wordpress\/wp-content\/gallery\/ausmalbilder2018\/coloriageexemple2.jpg\"\n               title=\"\"\n               data-src=\"https:\/\/jajofo.de\/wordpress\/wp-content\/gallery\/ausmalbilder2018\/coloriageexemple2.jpg\"\n               data-thumbnail=\"https:\/\/jajofo.de\/wordpress\/wp-content\/gallery\/ausmalbilder2018\/thumbs\/thumbs_coloriageexemple2.jpg\"\n               data-image-id=\"188\"\n               data-title=\"coloriageexemple2\"\n               data-description=\"\"\n               data-image-slug=\"coloriageexemple2-3\"\n               class=\"ngg-fancybox\" rel=\"4a7d9e2b842915da4cb29495673c7c5d\">\n                <img\n                    title=\"coloriageexemple2\"\n                    alt=\"coloriageexemple2\"\n                    src=\"https:\/\/jajofo.de\/wordpress\/wp-content\/gallery\/ausmalbilder2018\/thumbs\/thumbs_coloriageexemple2.jpg\"\n                    width=\"120\"\n                    height=\"90\"\n                    style=\"max-width:100%;\"\n                \/>\n            <\/a>\n        <\/div>\n\t\t\t\t\t\t\t<\/div> \n\t\t\t\n        \n\t\t\t\t<div id=\"ngg-image-4\" class=\"ngg-gallery-thumbnail-box\" >\n\t\t\t\t        <div class=\"ngg-gallery-thumbnail\">\n            <a href=\"https:\/\/jajofo.de\/wordpress\/wp-content\/gallery\/ausmalbilder2018\/coloriageexemple3.jpg\"\n               title=\"\"\n               data-src=\"https:\/\/jajofo.de\/wordpress\/wp-content\/gallery\/ausmalbilder2018\/coloriageexemple3.jpg\"\n               data-thumbnail=\"https:\/\/jajofo.de\/wordpress\/wp-content\/gallery\/ausmalbilder2018\/thumbs\/thumbs_coloriageexemple3.jpg\"\n               data-image-id=\"189\"\n               data-title=\"coloriageexemple3\"\n               data-description=\"\"\n               data-image-slug=\"coloriageexemple3-3\"\n               class=\"ngg-fancybox\" rel=\"4a7d9e2b842915da4cb29495673c7c5d\">\n                <img\n                    title=\"coloriageexemple3\"\n                    alt=\"coloriageexemple3\"\n                    src=\"https:\/\/jajofo.de\/wordpress\/wp-content\/gallery\/ausmalbilder2018\/thumbs\/thumbs_coloriageexemple3.jpg\"\n                    width=\"120\"\n                    height=\"90\"\n                    style=\"max-width:100%;\"\n                \/>\n            <\/a>\n        <\/div>\n\t\t\t\t\t\t\t<\/div> \n\t\t\t\n        \n\t\t\t\t<div id=\"ngg-image-5\" class=\"ngg-gallery-thumbnail-box\" >\n\t\t\t\t        <div class=\"ngg-gallery-thumbnail\">\n            <a href=\"https:\/\/jajofo.de\/wordpress\/wp-content\/gallery\/ausmalbilder2018\/werbecoverDE.jpg\"\n               title=\"\"\n               data-src=\"https:\/\/jajofo.de\/wordpress\/wp-content\/gallery\/ausmalbilder2018\/werbecoverDE.jpg\"\n               data-thumbnail=\"https:\/\/jajofo.de\/wordpress\/wp-content\/gallery\/ausmalbilder2018\/thumbs\/thumbs_werbecoverDE.jpg\"\n               data-image-id=\"190\"\n               data-title=\"werbecoverDE\"\n               data-description=\"\"\n               data-image-slug=\"werbecoverde-3\"\n               class=\"ngg-fancybox\" rel=\"4a7d9e2b842915da4cb29495673c7c5d\">\n                <img\n                    title=\"werbecoverDE\"\n                    alt=\"werbecoverDE\"\n                    src=\"https:\/\/jajofo.de\/wordpress\/wp-content\/gallery\/ausmalbilder2018\/thumbs\/thumbs_werbecoverDE.jpg\"\n                    width=\"120\"\n                    height=\"90\"\n                    style=\"max-width:100%;\"\n                \/>\n            <\/a>\n        <\/div>\n\t\t\t\t\t\t\t<\/div> \n\t\t\t\n        \n\t\t\t\t<div id=\"ngg-image-6\" class=\"ngg-gallery-thumbnail-box\" >\n\t\t\t\t        <div class=\"ngg-gallery-thumbnail\">\n            <a href=\"https:\/\/jajofo.de\/wordpress\/wp-content\/gallery\/ausmalbilder2018\/coloredwaterhorse-kompr.jpg\"\n               title=\"\"\n               data-src=\"https:\/\/jajofo.de\/wordpress\/wp-content\/gallery\/ausmalbilder2018\/coloredwaterhorse-kompr.jpg\"\n               data-thumbnail=\"https:\/\/jajofo.de\/wordpress\/wp-content\/gallery\/ausmalbilder2018\/thumbs\/thumbs_coloredwaterhorse-kompr.jpg\"\n               data-image-id=\"191\"\n               data-title=\"coloredwaterhorse-kompr\"\n               data-description=\"\"\n               data-image-slug=\"coloredwaterhorse-kompr-3\"\n               class=\"ngg-fancybox\" rel=\"4a7d9e2b842915da4cb29495673c7c5d\">\n                <img\n                    title=\"coloredwaterhorse-kompr\"\n                    alt=\"coloredwaterhorse-kompr\"\n                    src=\"https:\/\/jajofo.de\/wordpress\/wp-content\/gallery\/ausmalbilder2018\/thumbs\/thumbs_coloredwaterhorse-kompr.jpg\"\n                    width=\"120\"\n                    height=\"90\"\n                    style=\"max-width:100%;\"\n                \/>\n            <\/a>\n        <\/div>\n\t\t\t\t\t\t\t<\/div> \n\t\t\t\n        \n\t\t\t\t<div id=\"ngg-image-7\" class=\"ngg-gallery-thumbnail-box\" >\n\t\t\t\t        <div class=\"ngg-gallery-thumbnail\">\n            <a href=\"https:\/\/jajofo.de\/wordpress\/wp-content\/gallery\/ausmalbilder2018\/grey-stallion-spanish-step.jpg\"\n               title=\"\"\n               data-src=\"https:\/\/jajofo.de\/wordpress\/wp-content\/gallery\/ausmalbilder2018\/grey-stallion-spanish-step.jpg\"\n               data-thumbnail=\"https:\/\/jajofo.de\/wordpress\/wp-content\/gallery\/ausmalbilder2018\/thumbs\/thumbs_grey-stallion-spanish-step.jpg\"\n               data-image-id=\"192\"\n               data-title=\"grey stallion spanish step\"\n               data-description=\"\"\n               data-image-slug=\"grey-stallion-spanish-step-3\"\n               class=\"ngg-fancybox\" rel=\"4a7d9e2b842915da4cb29495673c7c5d\">\n                <img\n                    title=\"grey stallion spanish step\"\n                    alt=\"grey stallion spanish step\"\n                    src=\"https:\/\/jajofo.de\/wordpress\/wp-content\/gallery\/ausmalbilder2018\/thumbs\/thumbs_grey-stallion-spanish-step.jpg\"\n                    width=\"120\"\n                    height=\"90\"\n                    style=\"max-width:100%;\"\n                \/>\n            <\/a>\n        <\/div>\n\t\t\t\t\t\t\t<\/div> \n\t\t\t\n        \n\t\t\t\t<div id=\"ngg-image-8\" class=\"ngg-gallery-thumbnail-box\" >\n\t\t\t\t        <div class=\"ngg-gallery-thumbnail\">\n            <a href=\"https:\/\/jajofo.de\/wordpress\/wp-content\/gallery\/ausmalbilder2018\/rainbowfreespirit-kompr.jpg\"\n               title=\"\"\n               data-src=\"https:\/\/jajofo.de\/wordpress\/wp-content\/gallery\/ausmalbilder2018\/rainbowfreespirit-kompr.jpg\"\n               data-thumbnail=\"https:\/\/jajofo.de\/wordpress\/wp-content\/gallery\/ausmalbilder2018\/thumbs\/thumbs_rainbowfreespirit-kompr.jpg\"\n               data-image-id=\"193\"\n               data-title=\"rainbowfreespirit-kompr\"\n               data-description=\"\"\n               data-image-slug=\"rainbowfreespirit-kompr-3\"\n               class=\"ngg-fancybox\" rel=\"4a7d9e2b842915da4cb29495673c7c5d\">\n                <img\n                    title=\"rainbowfreespirit-kompr\"\n                    alt=\"rainbowfreespirit-kompr\"\n                    src=\"https:\/\/jajofo.de\/wordpress\/wp-content\/gallery\/ausmalbilder2018\/thumbs\/thumbs_rainbowfreespirit-kompr.jpg\"\n                    width=\"120\"\n                    height=\"90\"\n                    style=\"max-width:100%;\"\n                \/>\n            <\/a>\n        <\/div>\n\t\t\t\t\t\t\t<\/div> \n\t\t\t\n        \n\t\t\n\t\t<!-- Pagination -->\n\t<div class='ngg-clear'><\/div>\t<\/div>\nF\u00fcr Kinder und Erwachsene. 26 Zeichnungen auf A4. Spiralbindung. Realistische Zeichnungen, aber auch Mandalas, Tribals und keltische Muster. Zeichnung und Gestaltung: Jaana Kern<\/p>\n<p>Liste der Bilder:<\/p>\n<ol>\n<li>Wasserelementar-Pferd<\/li>\n<li>Tribal Pferd: Free Spirit<\/li>\n<li>Andalusierhengst macht den Spanischen Schritt<\/li>\n<li>Feuerpferd<\/li>\n<li>Keltisches Mandala mit Pferdek\u00f6pfen<\/li>\n<li>Geisterpferd<\/li>\n<li>3 Elemente<\/li>\n<li>Verbindung<\/li>\n<li>Verlust der Verbindung<\/li>\n<li>Ein Fr\u00e4ulein reitet auf ihrem Pferd aus<\/li>\n<li>Keltisches Pony-Mandala<\/li>\n<li>Romantischer Sonnenuntergang<\/li>\n<li>Tribal Pony<\/li>\n<li>Spielende Fohlen<\/li>\n<li>Traumf\u00e4nger mit Totem-Tieren<\/li>\n<li>Tinker<\/li>\n<li>Stute und Fohlen<\/li>\n<li>Wei\u00dfer Pegasus<\/li>\n<li>K\u00e4mpfende Wildpferde<\/li>\n<li>Keltisches Pferd<\/li>\n<li>Ponies im Winter<\/li>\n<li>Stute Portr\u00e4t<\/li>\n<li>Freies Reiten<\/li>\n<li>Wilde Mustangs<\/li>\n<li>Putzen<\/li>\n<li>Keltischer Pferdekopf<\/li>\n<\/ol>\n<h6>Preis: <span style=\"color: #ff0000;\">11,90 \u20ac<\/span>&nbsp;-&gt; LIMITIERTE ERSTE AUFLAGE!<\/h6>\n<p>(Versandkosten siehe unten &#8211; Deutschland\/Frankreich 2,- \u20ac)<\/p>\n<h1>Jetzt bestellen:<\/h1>\n<p>Mail an jajofo@gmail.com<\/p>\n<p>&nbsp;<\/p>\n<p>AGB:<br \/>\nSie k\u00f6nnen Ihre\/n gew\u00fcnschten Artikel mit unserem Formular bestellen und erkennen unsere Gesch\u00e4ftsbedingungen an.&nbsp; Sie bekommen&nbsp; nach der Bestellung eine Auftragsbest\u00e4tigung mit einer Nummer als Anhang zugesandt und k\u00f6nnen noch einmal kontrollieren, ob Ihre Bestellung&nbsp; korrekt ist und zahlen dann auf die dort angegebene Bankverbindung per Vorkasse oder via PayPal &#8211; die Bankdaten erhalten Sie per Mail.<\/p>\n<p>Eine Mehrwertsteuer f\u00e4llt nicht an, da unser Unternehmen in Frankreich derzeit mehrwertsteuerbefreit ist nach Artikel 293b des CGI.<\/p>\n<p>In der Regel versenden wir nach Eingang des Betrages zeitgleich die Ware mit beigelegter Rechnung, max. 4 Tage nach Bestelleingang. Sollten Artikel gerade nicht vorhanden sein, bekommen Sie&nbsp; von uns sofort Bescheid, wann diese wieder vorr\u00e4tig sind. Sie k\u00f6nnen dann&nbsp; entweder die Bestellung&nbsp; stornieren oder auf den Artikel warten.<\/p>\n<p><strong>Versandkosten:<\/strong>&nbsp;F\u00fcr das Pferde-Ausmalbuch werden folgende Versandkosten berechnet: 2,-\u20ac Versand nach Frankreich\/Deutschland &#8211; 5 \u20ac in andere L\u00e4nder.<\/p>\n<p>Bei Gebrauchsspuren an den Artikeln kann keine R\u00fccknahme mehr erfolgen. Die Versandkosten f\u00fcr die R\u00fcckgabe tr\u00e4gt der K\u00e4ufer.<\/p>\n","protected":false},"excerpt":{"rendered":"<p>Mit Stolz pr\u00e4sentiere ich euch hier mein erstes eigenes Werk: das Pferde-Ausmalbuch 2018! Klickt auf die Bilder um sie zu vergr\u00f6\u00dfern. &#8221; order_by=&#8221;sortorder&#8221; order_direction=&#8221;ASC&#8221; returns=&#8221;included&#8221; maximum_entity_count=&#8221;500&#8243;]F\u00fcr Kinder und Erwachsene. 26 Zeichnungen auf A4. Spiralbindung. Realistische Zeichnungen, aber auch Mandalas, Tribals und keltische Muster. Zeichnung und Gestaltung: Jaana Kern Liste der Bilder: Wasserelementar-Pferd Tribal Pferd: Free &hellip; <a href=\"https:\/\/jajofo.de\/wordpress\/pferde-ausmalbuch\/\" class=\"more-link\"><span class=\"screen-reader-text\">&#8222;Pferde-Ausmalbuch&#8220; <\/span>weiterlesen<\/a><\/p>\n","protected":false},"author":3,"featured_media":1735,"parent":0,"menu_order":0,"comment_status":"closed","ping_status":"closed","template":"","meta":{"ngg_post_thumbnail":0},"_links":{"self":[{"href":"https:\/\/jajofo.de\/wordpress\/wp-json\/wp\/v2\/pages\/1706"}],"collection":[{"href":"https:\/\/jajofo.de\/wordpress\/wp-json\/wp\/v2\/pages"}],"about":[{"href":"https:\/\/jajofo.de\/wordpress\/wp-json\/wp\/v2\/types\/page"}],"author":[{"embeddable":true,"href":"https:\/\/jajofo.de\/wordpress\/wp-json\/wp\/v2\/users\/3"}],"replies":[{"embeddable":true,"href":"https:\/\/jajofo.de\/wordpress\/wp-json\/wp\/v2\/comments?post=1706"}],"version-history":[{"count":11,"href":"https:\/\/jajofo.de\/wordpress\/wp-json\/wp\/v2\/pages\/1706\/revisions"}],"predecessor-version":[{"id":1755,"href":"https:\/\/jajofo.de\/wordpress\/wp-json\/wp\/v2\/pages\/1706\/revisions\/1755"}],"wp:featuredmedia":[{"embeddable":true,"href":"https:\/\/jajofo.de\/wordpress\/wp-json\/wp\/v2\/media\/1735"}],"wp:attachment":[{"href":"https:\/\/jajofo.de\/wordpress\/wp-json\/wp\/v2\/media?parent=1706"}],"curies":[{"name":"wp","href":"https:\/\/api.w.org\/{rel}","templated":true}]}}