{"id":2,"date":"2013-02-13T22:58:49","date_gmt":"2010-12-30T03:17:37","guid":{"rendered":"http:\/\/jajofo.de\/wordpress\/?page_id=2"},"modified":"2022-10-13T17:25:05","modified_gmt":"2022-10-13T17:25:05","slug":"home","status":"publish","type":"page","link":"https:\/\/jajofo.de\/wordpress\/de\/","title":{"rendered":"Jaana Kern"},"content":{"rendered":"<figure id=\"attachment_1046\" aria-describedby=\"caption-attachment-1046\" style=\"width: 300px\" class=\"wp-caption alignright\"><img loading=\"lazy\" class=\"size-full wp-image-1046\" src=\"http:\/\/jajofo.de\/wordpress\/wp-content\/uploads\/2013\/02\/160321_Jaana_Jona_Spice016-freig-kompr.png\" alt=\"\" width=\"300\" height=\"405\" srcset=\"https:\/\/jajofo.de\/wordpress\/wp-content\/uploads\/2013\/02\/160321_Jaana_Jona_Spice016-freig-kompr.png 300w, https:\/\/jajofo.de\/wordpress\/wp-content\/uploads\/2013\/02\/160321_Jaana_Jona_Spice016-freig-kompr-222x300.png 222w\" sizes=\"(max-width: 300px) 85vw, 300px\" \/><figcaption id=\"caption-attachment-1046\" class=\"wp-caption-text\">Jaana Kern<\/figcaption><\/figure>\n<p style=\"text-align: left;\">Hallo und herzlich willkommen auf meiner Website.&nbsp; Ich bin Jaana Kern, meines Zeichens K\u00fcnstlerin, Designerin, Bloggerin, S\u00e4ngerin, YouTuberin und Webmasterin. Ich bin 30 Jahre alt und ich schreibe, zeichne und gestalte leidenschaftlich &#8211; immer offen f\u00fcr das Entdecken neuer k\u00fcnstlerischer Bereiche.<\/p>\n<p style=\"text-align: left;\">Ich habe inzwischen B\u00fccher gesetzt, Logos entworfen, Facebookseiten betreut, Webseiten erstellt, Portr\u00e4ts gezeichnet, Sachb\u00fccher illustriert, Tattoos skizziert, Flyer gestaltet, einen Laden eingerichtet, DVDs \u00fcbersetzt, Blogs geschrieben, T-Shirts designt, Kreativworkshops geleitet, fotografiert, gefilmt, YouTube-Clips geschnitten und freue mich auf weitere Projekte.<\/p>\n<p>Jedes Jahr kommt etwas Neues hinzu, so findet ihr mich inzwischen auf vielen sozialen Netzwerken und ich betreibe einen eigenen <a href=\"https:\/\/shop.spreadshirt.de\/JaJoFoDesigns\/\">Spreadshirt-Shop<\/a> und einen <a href=\"https:\/\/www.youtube.com\/channel\/UCb9po5XOs5n-wYPm0oVurDQ\">YouTube-Kanal<\/a>.<\/p>\n<p style=\"text-align: left;\">Eine \u00dcbersicht \u00fcber mein <a href=\"http:\/\/jajofo.de\/wordpress\/service\/\">Service-Angebot<\/a> findet ihr auf dieser Website.<\/p>\n<p style=\"text-align: center;\"><a href=\"http:\/\/jajofo.de\/wordpress\/zeichnungen\/\">ZEICHNUNGEN<\/a> | <a href=\"http:\/\/jajofo.de\/wordpress\/grafik\/\">GRAFIKDESIGN<\/a> | <a href=\"http:\/\/jajofo.de\/wordpress\/fotografie\/\">FILM &amp; FOTOGRAFIE<\/a><\/p>\n<p style=\"text-align: center;\"><a href=\"http:\/\/jajofo.de\/wordpress\/kontakt\/\">Kontaktformular<\/a><\/p>\n<p><img loading=\"lazy\" class=\"aligncenter wp-image-1412 size-medium\" src=\"http:\/\/jajofo.de\/wordpress\/wp-content\/uploads\/2018\/02\/blume2016-01-300x173.png\" alt=\"\" width=\"300\" height=\"173\" srcset=\"https:\/\/jajofo.de\/wordpress\/wp-content\/uploads\/2018\/02\/blume2016-01-300x173.png 300w, https:\/\/jajofo.de\/wordpress\/wp-content\/uploads\/2018\/02\/blume2016-01.png 753w\" sizes=\"(max-width: 300px) 85vw, 300px\" \/><\/p>\n<p style=\"text-align: center;\">Danke f\u00fcr Deinen Besuch!<\/p>\n<p style=\"text-align: center;\">Herzlichst,&nbsp;<em>Jaana Kern<\/em><\/p>\n<p>&nbsp;<\/p>\n","protected":false},"excerpt":{"rendered":"<p>Hallo und herzlich willkommen auf meiner Website.&nbsp; Ich bin Jaana Kern, meines Zeichens K\u00fcnstlerin, Designerin, Bloggerin, S\u00e4ngerin, YouTuberin und Webmasterin. Ich bin 30 Jahre alt und ich schreibe, zeichne und gestalte leidenschaftlich &#8211; immer offen f\u00fcr das Entdecken neuer k\u00fcnstlerischer Bereiche. Ich habe inzwischen B\u00fccher gesetzt, Logos entworfen, Facebookseiten betreut, Webseiten erstellt, Portr\u00e4ts gezeichnet, Sachb\u00fccher &hellip; <a href=\"https:\/\/jajofo.de\/wordpress\/de\/\" class=\"more-link\"><span class=\"screen-reader-text\">&#8222;Jaana Kern&#8220; <\/span>weiterlesen<\/a><\/p>\n","protected":false},"author":3,"featured_media":0,"parent":0,"menu_order":0,"comment_status":"closed","ping_status":"closed","template":"","meta":{"ngg_post_thumbnail":0},"_links":{"self":[{"href":"https:\/\/jajofo.de\/wordpress\/wp-json\/wp\/v2\/pages\/2"}],"collection":[{"href":"https:\/\/jajofo.de\/wordpress\/wp-json\/wp\/v2\/pages"}],"about":[{"href":"https:\/\/jajofo.de\/wordpress\/wp-json\/wp\/v2\/types\/page"}],"author":[{"embeddable":true,"href":"https:\/\/jajofo.de\/wordpress\/wp-json\/wp\/v2\/users\/3"}],"replies":[{"embeddable":true,"href":"https:\/\/jajofo.de\/wordpress\/wp-json\/wp\/v2\/comments?post=2"}],"version-history":[{"count":101,"href":"https:\/\/jajofo.de\/wordpress\/wp-json\/wp\/v2\/pages\/2\/revisions"}],"predecessor-version":[{"id":1757,"href":"https:\/\/jajofo.de\/wordpress\/wp-json\/wp\/v2\/pages\/2\/revisions\/1757"}],"wp:attachment":[{"href":"https:\/\/jajofo.de\/wordpress\/wp-json\/wp\/v2\/media?parent=2"}],"curies":[{"name":"wp","href":"https:\/\/api.w.org\/{rel}","templated":true}]}}