{"id":362,"date":"2013-02-14T21:43:30","date_gmt":"2013-02-13T08:47:04","guid":{"rendered":"http:\/\/jajofo.de\/wordpress\/?page_id=362"},"modified":"2017-05-26T11:08:22","modified_gmt":"2017-05-26T11:08:22","slug":"jaana-hoffmann","status":"publish","type":"page","link":"https:\/\/jajofo.de\/wordpress\/jaana-hoffmann\/","title":{"rendered":"Jaana Kern"},"content":{"rendered":"<p><strong><img loading=\"lazy\" class=\"size-medium wp-image-898 alignleft\" src=\"http:\/\/jajofo.de\/wordpress\/wp-content\/uploads\/2016\/01\/jaana2015-298x300.jpg\" alt=\"jaana2015\" width=\"298\" height=\"300\" srcset=\"https:\/\/jajofo.de\/wordpress\/wp-content\/uploads\/2016\/01\/jaana2015-298x300.jpg 298w, https:\/\/jajofo.de\/wordpress\/wp-content\/uploads\/2016\/01\/jaana2015-150x150.jpg 150w, https:\/\/jajofo.de\/wordpress\/wp-content\/uploads\/2016\/01\/jaana2015-768x774.jpg 768w, https:\/\/jajofo.de\/wordpress\/wp-content\/uploads\/2016\/01\/jaana2015.jpg 807w\" sizes=\"(max-width: 298px) 85vw, 298px\" \/><\/strong>Geboren bin ich 1987 in Oberbayern. Meine Eltern hatten gemeinsam einen Verlag &#8211; mein Vater Druckereiingenieur und K\u00fcnstler, meine Mutter Redakteurin und Journalistin, beide passionierten sich dazu&nbsp;f\u00fcr das Theater &#8211; und so wuchs ich in einem kreativen Umfeld auf, erinnere mich noch an B\u00fchnenkulissen, Druckmaschinen und an viel Zeit im Verlagsb\u00fcro.<strong><br \/>\n<\/strong><\/p>\n<p>Als ich zirka 8 Jahre alt war, zogen wir nach Frankreich und brachen von dort zu einer Reise durch S\u00fcdeuropa auf &#8211; schlie\u00dflich lebten wir sogar zirka 1,5 Jahre in Indien. Diese Zeit auf Reisen hat mich tief gepr\u00e4gt und die verschiedenen traditionellen Kunststile flie\u00dfen bis heute in meine Zeichnungen und Projekte ein. Meine zweite Leidenschaft sind die Pferde &#8211; sie haben mich mein ganzes Leben lang inspiriert.<\/p>\n<p>2002 zog es uns wieder nach Frankreich, ins s\u00fcdliche Burgund, wo ich heute noch lebe mit meinem Mann und meiner Familie. Hier in Frankreich machte ich mich 2006 selbstst\u00e4ndig mit einer kleinen Boutique mit Kunsthandwerk aus aller Welt und baute nebenher meine T\u00e4tigkeit als freiberufliche K\u00fcnstlerin und Grafikerin weiter auf. Seit 2005 begann ich, erst kostenlos, Portr\u00e4tzeichnungen vor allem von Pferden und Concept Art anzubieten.<\/p>\n<figure id=\"attachment_1264\" aria-describedby=\"caption-attachment-1264\" style=\"width: 840px\" class=\"wp-caption aligncenter\"><a href=\"http:\/\/natuerlichreiten.blogspot.fr\/\" target=\"_blank\" rel=\"noopener noreferrer\"><img loading=\"lazy\" class=\"wp-image-1264 size-large\" src=\"http:\/\/jajofo.de\/wordpress\/wp-content\/uploads\/2013\/02\/DSC_0051-1024x447.jpg\" alt=\"Jaana und Vertigo\" width=\"840\" height=\"367\" srcset=\"https:\/\/jajofo.de\/wordpress\/wp-content\/uploads\/2013\/02\/DSC_0051-1024x447.jpg 1024w, https:\/\/jajofo.de\/wordpress\/wp-content\/uploads\/2013\/02\/DSC_0051-300x131.jpg 300w, https:\/\/jajofo.de\/wordpress\/wp-content\/uploads\/2013\/02\/DSC_0051-768x335.jpg 768w, https:\/\/jajofo.de\/wordpress\/wp-content\/uploads\/2013\/02\/DSC_0051-1200x524.jpg 1200w\" sizes=\"(max-width: 709px) 85vw, (max-width: 909px) 67vw, (max-width: 1362px) 62vw, 840px\" \/><\/a><figcaption id=\"caption-attachment-1264\" class=\"wp-caption-text\">Mein Kaltbluthengst Vertigo und ich im Mai 2017<\/figcaption><\/figure>\n<p>Meine absolute Leidenschaft f\u00fcr die Kunst und Gestaltung hat mich immer schon angetrieben&nbsp;und so bekam ich die Chance bei vielen Projekten mitzuwirken. Mein Serviceangebot hat sich \u00fcber die Jahre immer erweitert und reicht heute \u00fcber von Zeichnungen und Grafik \u00fcber Webdesign auch zu Fotografie und Film und es wird sicherlich noch einiges folgen.<\/p>\n<p>Die Seite JaJoFo entstand 2008 zusammen mit meinem Mann Jonathan, der ebenfalls begeistert fotografiert und handwerkt.&nbsp;<\/p>\n<p><strong>Referenzen:<\/strong><\/p>\n<ul>\n<li>Praktikum bei der Grafikdesignerin <a href=\"https:\/\/rehberg.fotograf.de\/\">Regine Hackenberg<\/a><\/li>\n<li>Ehrenamtliche Arbeit als Concept Artist bei der Firma Secret Dimension Software zur Entwicklung eines Videospiels<\/li>\n<li>Engagement in der Fotografie f\u00fcr lizenzfreie Bilder (u.a. auf <a href=\"http:\/\/www.gegen-bilderklau.net\/\">www.gegen-bilderklau.net<\/a> )<\/li>\n<li>Seit 2006 aktives Mitglied der internationalen K\u00fcnstlercommunity <a href=\"http:\/\/www.deviantart.com\/\">www.deviantart.com<\/a><\/li>\n<li>Gestaltung der internen Schulzeitung der Clonlara-Schule<\/li>\n<li>Seit&nbsp;2006&nbsp;gewerblich t\u00e4tig &#8211; zeitweise in meinem eigenen Laden &#8211; \u201cl\u2019\u00e9toile\u201d mit Gestaltung u.a. diverser Produkte und Werbematerialien.<\/li>\n<li>2008 Gr\u00fcndung von JaJoFo.de (<strong>Ja<\/strong>ana und <strong>Jo<\/strong>nathan <strong>Fo<\/strong>tografie)<\/li>\n<li>2010-2012: Zeichenkurse online und im Laden &#8220;Patchwork&#8221;<\/li>\n<li>Seit 2011 bin ich freie Mitarbeiterin im Ippikon Verlag <a href=\"http:\/\/www.mitpferdensein.de\">www.mitpferdensein.de<\/a> und \u00fcbernehme dort grafische T\u00e4tigkeiten, z.B. das j\u00e4hrlich erscheinende Kursprogramm und die Webseite. Zudem \u00fcbernahm ich Satz und Layout folgender B\u00fccher dieses Verlags:\n<ul>\n<li>2011: &#8220;Mit Hunden sein &#8211; ein anderer Weg&#8221; von Eva Windisch (Leider vergriffen)<\/li>\n<li>2012: <a href=\"http:\/\/amzn.to\/2rkWczE\">&#8220;Mit Pferden sein &#8211; K\u00f6rper, Sinne, Seele&#8221;<\/a> von Sabine Birmann; Bildband mit 376 Seiten.<\/li>\n<li>2017: <a href=\"http:\/\/amzn.to\/2rUBK5t\">&#8220;Mit Pferden sein &#8230; das Leben ist einmalig&#8221;<\/a> von Sabine Birmann; Bildband mit 232 Seiten<\/li>\n<\/ul>\n<\/li>\n<\/ul>\n<!-- index.php -->\n<div\n\tclass=\"ngg-galleryoverview ngg-ajax-pagination-none\"\n\tid=\"ngg-gallery-56ac97959e90a0db2d989b32433d7ba3-1\">\n\n    \t<div class=\"slideshowlink\">\n        <a href='https:\/\/jajofo.de\/wordpress\/jaana-hoffmann\/nggallery\/slideshow'>&#091;Zeige eine Slideshow&#093;<\/a>\n\t\t\n\t<\/div>\n\t\t\t<!-- Thumbnails -->\n\t\t\t\t<div id=\"ngg-image-0\" class=\"ngg-gallery-thumbnail-box\" >\n\t\t\t\t        <div class=\"ngg-gallery-thumbnail\">\n            <a href=\"https:\/\/jajofo.de\/wordpress\/wp-content\/gallery\/mpsbuecher\/mithundenseinCover.jpg\"\n               title=\"Copyright 2011\"\n               data-src=\"https:\/\/jajofo.de\/wordpress\/wp-content\/gallery\/mpsbuecher\/mithundenseinCover.jpg\"\n               data-thumbnail=\"https:\/\/jajofo.de\/wordpress\/wp-content\/gallery\/mpsbuecher\/thumbs\/thumbs_mithundenseinCover.jpg\"\n               data-image-id=\"89\"\n               data-title=\"Cover: Mit Hunden sein\"\n               data-description=\"Copyright 2011\"\n               data-image-slug=\"mithundenseincover-1\"\n               class=\"ngg-fancybox\" rel=\"56ac97959e90a0db2d989b32433d7ba3\">\n                <img\n                    title=\"Cover: Mit Hunden sein\"\n                    alt=\"Cover: Mit Hunden sein\"\n                    src=\"https:\/\/jajofo.de\/wordpress\/wp-content\/gallery\/mpsbuecher\/thumbs\/thumbs_mithundenseinCover.jpg\"\n                    width=\"120\"\n                    height=\"90\"\n                    style=\"max-width:100%;\"\n                \/>\n            <\/a>\n        <\/div>\n\t\t\t\t\t\t\t<\/div> \n\t\t\t\n        \n\t\t\t\t<div id=\"ngg-image-1\" class=\"ngg-gallery-thumbnail-box\" >\n\t\t\t\t        <div class=\"ngg-gallery-thumbnail\">\n            <a href=\"https:\/\/jajofo.de\/wordpress\/wp-content\/gallery\/mpsbuecher\/Cover-Website-Front-web.jpg\"\n               title=\"\"\n               data-src=\"https:\/\/jajofo.de\/wordpress\/wp-content\/gallery\/mpsbuecher\/Cover-Website-Front-web.jpg\"\n               data-thumbnail=\"https:\/\/jajofo.de\/wordpress\/wp-content\/gallery\/mpsbuecher\/thumbs\/thumbs_Cover-Website-Front-web.jpg\"\n               data-image-id=\"90\"\n               data-title=\"Cover Mit Pferden sein - K\u00f6rper, Sinne, Seele von Sabine Birmann\"\n               data-description=\"\"\n               data-image-slug=\"cover-website-front-web-1\"\n               class=\"ngg-fancybox\" rel=\"56ac97959e90a0db2d989b32433d7ba3\">\n                <img\n                    title=\"Cover Mit Pferden sein - K\u00f6rper, Sinne, Seele von Sabine Birmann\"\n                    alt=\"Cover Mit Pferden sein - K\u00f6rper, Sinne, Seele von Sabine Birmann\"\n                    src=\"https:\/\/jajofo.de\/wordpress\/wp-content\/gallery\/mpsbuecher\/thumbs\/thumbs_Cover-Website-Front-web.jpg\"\n                    width=\"120\"\n                    height=\"90\"\n                    style=\"max-width:100%;\"\n                \/>\n            <\/a>\n        <\/div>\n\t\t\t\t\t\t\t<\/div> \n\t\t\t\n        \n\t\t\t\t<div id=\"ngg-image-2\" class=\"ngg-gallery-thumbnail-box\" >\n\t\t\t\t        <div class=\"ngg-gallery-thumbnail\">\n            <a href=\"https:\/\/jajofo.de\/wordpress\/wp-content\/gallery\/mpsbuecher\/Mit-Pferden-sein-3-dasLebenisteinmalig-Cover-Version5-3.jpg\"\n               title=\"\"\n               data-src=\"https:\/\/jajofo.de\/wordpress\/wp-content\/gallery\/mpsbuecher\/Mit-Pferden-sein-3-dasLebenisteinmalig-Cover-Version5-3.jpg\"\n               data-thumbnail=\"https:\/\/jajofo.de\/wordpress\/wp-content\/gallery\/mpsbuecher\/thumbs\/thumbs_Mit-Pferden-sein-3-dasLebenisteinmalig-Cover-Version5-3.jpg\"\n               data-image-id=\"91\"\n               data-title=\"Mit-Pferden-sein-3-dasLebenisteinmalig-Cover-Version5-3\"\n               data-description=\"\"\n               data-image-slug=\"mit-pferden-sein-3-daslebenisteinmalig-cover-version5-3\"\n               class=\"ngg-fancybox\" rel=\"56ac97959e90a0db2d989b32433d7ba3\">\n                <img\n                    title=\"Mit-Pferden-sein-3-dasLebenisteinmalig-Cover-Version5-3\"\n                    alt=\"Mit-Pferden-sein-3-dasLebenisteinmalig-Cover-Version5-3\"\n                    src=\"https:\/\/jajofo.de\/wordpress\/wp-content\/gallery\/mpsbuecher\/thumbs\/thumbs_Mit-Pferden-sein-3-dasLebenisteinmalig-Cover-Version5-3.jpg\"\n                    width=\"120\"\n                    height=\"90\"\n                    style=\"max-width:100%;\"\n                \/>\n            <\/a>\n        <\/div>\n\t\t\t\t\t\t\t<\/div> \n\t\t\t\n        \n\t\t\n\t\t<!-- Pagination -->\n\t<div class='ngg-clear'><\/div>\t<\/div>\n\n<ul>\n<li>Weiteres:\n<ul>\n<li>Fr\u00fchjahr 2015: Kreation eines eigenen Shops auf Spreadshirt: <a href=\"http:\/\/jaanasartwork.spreadshirt.fr\">www.jaanasartwork.spreadshirt.fr<\/a><\/li>\n<li>Sommer 2015: Aufnahme als Tattoo-Designerin auf der Website: <a href=\"http:\/\/www.tattoodo.com\">www.tattoodo.com<\/a><\/li>\n<li>Fr\u00fchjahr 2016: Erste Uploads auf <a href=\"https:\/\/fr.fotolia.com\/p\/206114448\">Fotolia.com<\/a><\/li>\n<li>Herbst 2016: Start des offiziellen <a href=\"https:\/\/www.youtube.com\/channel\/UCb9po5XOs5n-wYPm0oVurDQ\">JaJoFo-YouTube-Kanals<\/a><\/li>\n<\/ul>\n<\/li>\n<\/ul>\n<p>&nbsp;<\/p>\n<p><strong>Und was ist geplant f\u00fcr 2017?<\/strong><\/p>\n<p>Das wird noch nicht verraten und auch ich will mich noch \u00fcberraschen lassen, doch ich habe einige Pl\u00e4ne&nbsp;&#8230;<\/p>\n<p>&#8230; werde doch ein Teil von meinen Projekten und beauftrage mich \u00fcber das <a href=\"http:\/\/jajofo.de\/wordpress\/kontakt\/\">Kontaktformular!<\/a>&nbsp;Ich bin immer offen f\u00fcr Unternehmungen gleich welcher Art und freue mich, wenn ich Deiner Vision in enger Zusammenarbeit zu Diensten sein kann.<\/p>\n","protected":false},"excerpt":{"rendered":"<p>Geboren bin ich 1987 in Oberbayern. Meine Eltern hatten gemeinsam einen Verlag &#8211; mein Vater Druckereiingenieur und K\u00fcnstler, meine Mutter Redakteurin und Journalistin, beide passionierten sich dazu&nbsp;f\u00fcr das Theater &#8211; und so wuchs ich in einem kreativen Umfeld auf, erinnere mich noch an B\u00fchnenkulissen, Druckmaschinen und an viel Zeit im Verlagsb\u00fcro. Als ich zirka 8 &hellip; <a href=\"https:\/\/jajofo.de\/wordpress\/jaana-hoffmann\/\" class=\"more-link\"><span class=\"screen-reader-text\">&#8222;Jaana Kern&#8220; <\/span>weiterlesen<\/a><\/p>\n","protected":false},"author":3,"featured_media":0,"parent":0,"menu_order":0,"comment_status":"closed","ping_status":"open","template":"","meta":{"ngg_post_thumbnail":0},"_links":{"self":[{"href":"https:\/\/jajofo.de\/wordpress\/wp-json\/wp\/v2\/pages\/362"}],"collection":[{"href":"https:\/\/jajofo.de\/wordpress\/wp-json\/wp\/v2\/pages"}],"about":[{"href":"https:\/\/jajofo.de\/wordpress\/wp-json\/wp\/v2\/types\/page"}],"author":[{"embeddable":true,"href":"https:\/\/jajofo.de\/wordpress\/wp-json\/wp\/v2\/users\/3"}],"replies":[{"embeddable":true,"href":"https:\/\/jajofo.de\/wordpress\/wp-json\/wp\/v2\/comments?post=362"}],"version-history":[{"count":20,"href":"https:\/\/jajofo.de\/wordpress\/wp-json\/wp\/v2\/pages\/362\/revisions"}],"predecessor-version":[{"id":1267,"href":"https:\/\/jajofo.de\/wordpress\/wp-json\/wp\/v2\/pages\/362\/revisions\/1267"}],"wp:attachment":[{"href":"https:\/\/jajofo.de\/wordpress\/wp-json\/wp\/v2\/media?parent=362"}],"curies":[{"name":"wp","href":"https:\/\/api.w.org\/{rel}","templated":true}]}}