{"id":423,"date":"2013-02-18T19:20:32","date_gmt":"2013-02-18T19:11:22","guid":{"rendered":"http:\/\/jajofo.de\/wordpress\/?page_id=423"},"modified":"2013-02-18T19:11:22","modified_gmt":"2013-02-18T19:11:22","slug":"illustration-2","status":"publish","type":"page","link":"https:\/\/jajofo.de\/wordpress\/illustration-2\/","title":{"rendered":"Illustration"},"content":{"rendered":"<p><a href=\"http:\/\/jajofo.de\/wordpress\/wp-content\/uploads\/2011\/02\/lyra001.jpg\"><img loading=\"lazy\" class=\"wp-image-421 alignleft\" alt=\"lyra001\" src=\"http:\/\/jajofo.de\/wordpress\/wp-content\/uploads\/2011\/02\/lyra001-1024x917.jpg\" width=\"250\" height=\"522\" \/><\/a>Le style d&#8217;une illustration d\u00e9termine l&#8217;atmosphaire d&#8217;un livre. C&#8217;est pourquoi je suis moins orient\u00e9 vers la perfection que vers l&#8217;ambiance globale.<\/p>\n<p>Avec le dessin et l&#8217;\u00e9criture on peut cr\u00e9er des choses sans limites et et m\u00eame ceux qui paraissent impossibles. Un petit dessin suffit pour comprendre des choses hors du monde que nous conaissons.<\/p>\n<p>G\u00e9n\u00e9ralement, les illustrations sont \u00e9labor\u00e9s ensemble avec l&#8217;auteur. Je me suis sp\u00e9cialis\u00e9 dans la cr\u00e9ation de personnages et leurs actions &#8211; que se soit dans un style de bande dessin\u00e9e ou des graphiques r\u00e9alistes; une image sch\u00e9matique pour expliquer un contexte ou une simple d\u00e9coration de page.<\/p>\n<p>Si vous \u00eates interess\u00e9s de conna\u00eetre nos tarifs ou de demander un d\u00e9vis, allez sur la page &#8220;comissions&#8221;.<\/p>\n<figure id=\"attachment_419\" aria-describedby=\"caption-attachment-419\" style=\"width: 150px\" class=\"wp-caption alignleft\"><a href=\"http:\/\/jajofo.de\/wordpress\/wp-content\/uploads\/2011\/02\/mithundenseinV1-6-S21.jpg\"><img loading=\"lazy\" class=\" wp-image-419 \" alt=\"Illustration dans le livre &quot;Mit Hunden sein&quot; de Eva Windisch\" src=\"http:\/\/jajofo.de\/wordpress\/wp-content\/uploads\/2011\/02\/mithundenseinV1-6-S21-768x1024.jpg\" width=\"150\" height=\"778\" \/><\/a><figcaption id=\"caption-attachment-419\" class=\"wp-caption-text\">Illustration dans le livre &#8220;Mit Hunden sein&#8221; de Eva Windisch<\/figcaption><\/figure>\n<p>Livres illustr\u00e9s par Jaana Hoffmann:<\/p>\n<ul>\n<li>2011: &#8220;Mit Hunden sein &#8211; ein anderer Weg&#8221; de Eva Windisch<\/li>\n<li>2012: &#8220;Mit Pferden sein &#8211; K\u00f6rper, Sinne, Seele&#8221; de Sabine Birmann<\/li>\n<\/ul>\n<p>&nbsp;<\/p>\n","protected":false},"excerpt":{"rendered":"<p>Le style d&#8217;une illustration d\u00e9termine l&#8217;atmosphaire d&#8217;un livre. C&#8217;est pourquoi je suis moins orient\u00e9 vers la perfection que vers l&#8217;ambiance globale. Avec le dessin et l&#8217;\u00e9criture on peut cr\u00e9er des choses sans limites et et m\u00eame ceux qui paraissent impossibles. Un petit dessin suffit pour comprendre des choses hors du monde que nous conaissons. G\u00e9n\u00e9ralement, &hellip; <a href=\"https:\/\/jajofo.de\/wordpress\/illustration-2\/\" class=\"more-link\"><span class=\"screen-reader-text\">&#8222;Illustration&#8220; <\/span>weiterlesen<\/a><\/p>\n","protected":false},"author":3,"featured_media":0,"parent":0,"menu_order":0,"comment_status":"closed","ping_status":"closed","template":"","meta":{"ngg_post_thumbnail":0},"_links":{"self":[{"href":"https:\/\/jajofo.de\/wordpress\/wp-json\/wp\/v2\/pages\/423"}],"collection":[{"href":"https:\/\/jajofo.de\/wordpress\/wp-json\/wp\/v2\/pages"}],"about":[{"href":"https:\/\/jajofo.de\/wordpress\/wp-json\/wp\/v2\/types\/page"}],"author":[{"embeddable":true,"href":"https:\/\/jajofo.de\/wordpress\/wp-json\/wp\/v2\/users\/3"}],"replies":[{"embeddable":true,"href":"https:\/\/jajofo.de\/wordpress\/wp-json\/wp\/v2\/comments?post=423"}],"version-history":[{"count":1,"href":"https:\/\/jajofo.de\/wordpress\/wp-json\/wp\/v2\/pages\/423\/revisions"}],"predecessor-version":[{"id":424,"href":"https:\/\/jajofo.de\/wordpress\/wp-json\/wp\/v2\/pages\/423\/revisions\/424"}],"wp:attachment":[{"href":"https:\/\/jajofo.de\/wordpress\/wp-json\/wp\/v2\/media?parent=423"}],"curies":[{"name":"wp","href":"https:\/\/api.w.org\/{rel}","templated":true}]}}