{"id":587,"date":"2013-03-04T13:47:32","date_gmt":"2011-02-22T21:44:08","guid":{"rendered":"http:\/\/jajofo.de\/wordpress\/?page_id=587"},"modified":"2013-03-04T13:53:13","modified_gmt":"2013-03-04T13:53:13","slug":"infographie","status":"publish","type":"page","link":"https:\/\/jajofo.de\/wordpress\/infographie\/","title":{"rendered":"Infographie"},"content":{"rendered":"<p>Nous prenons en charge le design de vos projets &#8211; de l&#8217;esquisse juscequ&#8217;a l&#8217;Imprimerie.<\/p>\n<p>Tarifs 2013:<\/p>\n<ul>\n<li><strong>Cr\u00e9ation de logo<\/strong> en noir et blanc (4-5 propositions plus 5 d\u00e9marches de correction) <strong>\u00e0 partir de 120 \u20ac<\/strong><\/li>\n<li><strong>V\u00e9ctorisation d&#8217;image<\/strong>: (depend du temps consacr\u00e9) <strong>de 40 \u00e0 150 \u20ac<\/strong><\/li>\n<li><strong>Cartes de visite<\/strong>: (imprim\u00e9 en couleur au recto) <strong>\u00e0 partir de 60 \u20ac<\/strong> + cout d&#8217;impr\u00e9ssion<\/li>\n<li><strong>Concept Art:<\/strong> (tarif horaire\/18 \u20ac) &#8211; petit dessin sur A5 <strong>18 \u20ac<\/strong><\/li>\n<li><strong>Tracts\/Flyer<\/strong>: exemple: A4, imprim\u00e9 recto verso \u00e0 partir de <strong>270 \u20ac<\/strong> + cout d&#8217;impr\u00e9ssion<\/li>\n<li><strong>Couverture de livre<\/strong>: Exemples: A5 = <strong>100 \u20ac<\/strong> \u2026 A4 = <strong>150 \u20ac <\/strong>(3 d\u00e9marches de correction comprises)<\/li>\n<li><strong>Page:<\/strong> Exemples: texte uniquement: Design et mise en page: <strong>5 \u20ac<\/strong> par page. En couleur, avec images: <strong>15-35 \u20ac<\/strong><\/li>\n<li><strong>Graphiques et mise en pages de sites web: 18 \u20ac<\/strong> par icone. Mise en page au tarif horaire de 18 \u20ac<\/li>\n<li><strong>Conception de maquette<\/strong> (par exemple pour un magazine, livre &#8230;): Conception de la couverture + 4 pages <strong>75 \u20ac<\/strong><\/li>\n<li><strong>Tarifs sp\u00e9ciales pour des projets compos\u00e9s<\/strong> (par exemple la r\u00e9alisation compl\u00e8te pour un livre): sur d\u00e9vis.<\/li>\n<li>et bien plus de services sur demande &#8230; (\u00e0 d\u00e9couvrir sur &#8220;Commandes&#8221;)<\/li>\n<\/ul>\n<p>Galerie d&#8217;exemples:<\/p>\n<div id='gallery-1' class='gallery galleryid-587 gallery-columns-4 gallery-size-thumbnail'><figure class='gallery-item'>\n\t\t\t<div class='gallery-icon landscape'>\n\t\t\t\t<a href='https:\/\/jajofo.de\/wordpress\/coverumschlag-endfassung1-page1-2-2\/'><img width=\"150\" height=\"150\" src=\"https:\/\/jajofo.de\/wordpress\/wp-content\/uploads\/2011\/02\/Coverumschlag-Endfassung1-page1-150x150.jpeg\" class=\"attachment-thumbnail size-thumbnail\" alt=\"\" loading=\"lazy\" aria-describedby=\"gallery-1-593\" \/><\/a>\n\t\t\t<\/div>\n\t\t\t\t<figcaption class='wp-caption-text gallery-caption' id='gallery-1-593'>\n\t\t\t\tCoverumschlag Mit Pferden sein &#8211; K\u00f6rper, Sinne, Seele von Sabine Birmann\n\t\t\t\t<\/figcaption><\/figure><figure class='gallery-item'>\n\t\t\t<div class='gallery-icon portrait'>\n\t\t\t\t<a href='https:\/\/jajofo.de\/wordpress\/cover-website-front-web-2-2\/'><img width=\"150\" height=\"150\" src=\"https:\/\/jajofo.de\/wordpress\/wp-content\/uploads\/2011\/02\/Cover-Website-Front-web-150x150.jpg\" class=\"attachment-thumbnail size-thumbnail\" alt=\"\" loading=\"lazy\" aria-describedby=\"gallery-1-595\" \/><\/a>\n\t\t\t<\/div>\n\t\t\t\t<figcaption class='wp-caption-text gallery-caption' id='gallery-1-595'>\n\t\t\t\tCover Mit Pferden sein &#8211; K\u00f6rper, Sinne, Seele von Sabine Birmann\n\t\t\t\t<\/figcaption><\/figure><figure class='gallery-item'>\n\t\t\t<div class='gallery-icon landscape'>\n\t\t\t\t<a href='https:\/\/jajofo.de\/wordpress\/kursprogramm2013-v2-page1-2-2\/'><img width=\"150\" height=\"150\" src=\"https:\/\/jajofo.de\/wordpress\/wp-content\/uploads\/2011\/02\/kursprogramm2013-V2-page1-150x150.jpeg\" class=\"attachment-thumbnail size-thumbnail\" alt=\"\" loading=\"lazy\" aria-describedby=\"gallery-1-597\" \/><\/a>\n\t\t\t<\/div>\n\t\t\t\t<figcaption class='wp-caption-text gallery-caption' id='gallery-1-597'>\n\t\t\t\tKursprogramm 2013 innenteil\n\t\t\t\t<\/figcaption><\/figure><figure class='gallery-item'>\n\t\t\t<div class='gallery-icon landscape'>\n\t\t\t\t<a href='https:\/\/jajofo.de\/wordpress\/kursprogramm2013-v2-page2-2-2\/'><img width=\"150\" height=\"150\" src=\"https:\/\/jajofo.de\/wordpress\/wp-content\/uploads\/2011\/02\/kursprogramm2013-V2-page2-150x150.jpeg\" class=\"attachment-thumbnail size-thumbnail\" alt=\"\" loading=\"lazy\" aria-describedby=\"gallery-1-599\" \/><\/a>\n\t\t\t<\/div>\n\t\t\t\t<figcaption class='wp-caption-text gallery-caption' id='gallery-1-599'>\n\t\t\t\tKursprogramm 2012 front\n\t\t\t\t<\/figcaption><\/figure><figure class='gallery-item'>\n\t\t\t<div class='gallery-icon landscape'>\n\t\t\t\t<a href='https:\/\/jajofo.de\/wordpress\/kursprogramm2012-v5-2-00002-2-2-2\/'><img width=\"150\" height=\"150\" src=\"https:\/\/jajofo.de\/wordpress\/wp-content\/uploads\/2011\/02\/kursprogramm2012-V5-2-00002-150x150.jpg\" class=\"attachment-thumbnail size-thumbnail\" alt=\"\" loading=\"lazy\" aria-describedby=\"gallery-1-605\" \/><\/a>\n\t\t\t<\/div>\n\t\t\t\t<figcaption class='wp-caption-text gallery-caption' id='gallery-1-605'>\n\t\t\t\t4-fach Falzflyer Seite 1\n\t\t\t\t<\/figcaption><\/figure><figure class='gallery-item'>\n\t\t\t<div class='gallery-icon landscape'>\n\t\t\t\t<a href='https:\/\/jajofo.de\/wordpress\/kursprogramm2012-v5-2-00001-2-2-2\/'><img width=\"150\" height=\"150\" src=\"https:\/\/jajofo.de\/wordpress\/wp-content\/uploads\/2011\/02\/kursprogramm2012-V5-2-00001-150x150.jpg\" class=\"attachment-thumbnail size-thumbnail\" alt=\"\" loading=\"lazy\" aria-describedby=\"gallery-1-607\" \/><\/a>\n\t\t\t<\/div>\n\t\t\t\t<figcaption class='wp-caption-text gallery-caption' id='gallery-1-607'>\n\t\t\t\tSeite 2\n\t\t\t\t<\/figcaption><\/figure><figure class='gallery-item'>\n\t\t\t<div class='gallery-icon portrait'>\n\t\t\t\t<a href='https:\/\/jajofo.de\/wordpress\/illustration-2\/mithundenseinv1-6-s21-2-2\/'><img width=\"150\" height=\"150\" src=\"https:\/\/jajofo.de\/wordpress\/wp-content\/uploads\/2011\/02\/mithundenseinV1-6-S21-150x150.jpg\" class=\"attachment-thumbnail size-thumbnail\" alt=\"\" loading=\"lazy\" aria-describedby=\"gallery-1-419\" \/><\/a>\n\t\t\t<\/div>\n\t\t\t\t<figcaption class='wp-caption-text gallery-caption' id='gallery-1-419'>\n\t\t\t\tIllustration dans le livre &#8220;Mit Hunden sein&#8221; de Eva Windisch\n\t\t\t\t<\/figcaption><\/figure><figure class='gallery-item'>\n\t\t\t<div class='gallery-icon portrait'>\n\t\t\t\t<a href='https:\/\/jajofo.de\/wordpress\/mithundenseincover-2-2\/'><img width=\"150\" height=\"150\" src=\"https:\/\/jajofo.de\/wordpress\/wp-content\/uploads\/2011\/02\/mithundenseinCover-150x150.jpg\" class=\"attachment-thumbnail size-thumbnail\" alt=\"\" loading=\"lazy\" aria-describedby=\"gallery-1-609\" \/><\/a>\n\t\t\t<\/div>\n\t\t\t\t<figcaption class='wp-caption-text gallery-caption' id='gallery-1-609'>\n\t\t\t\tCover: Mit Hunden sein\n\t\t\t\t<\/figcaption><\/figure><figure class='gallery-item'>\n\t\t\t<div class='gallery-icon portrait'>\n\t\t\t\t<a href='https:\/\/jajofo.de\/wordpress\/mithundenseinv1-6-s62-2-2\/'><img width=\"150\" height=\"150\" src=\"https:\/\/jajofo.de\/wordpress\/wp-content\/uploads\/2011\/09\/mithundenseinV1-6-S62-150x150.jpg\" class=\"attachment-thumbnail size-thumbnail\" alt=\"\" loading=\"lazy\" aria-describedby=\"gallery-1-611\" \/><\/a>\n\t\t\t<\/div>\n\t\t\t\t<figcaption class='wp-caption-text gallery-caption' id='gallery-1-611'>\n\t\t\t\tInnenteil mit Illustration 2\n\t\t\t\t<\/figcaption><\/figure><figure class='gallery-item'>\n\t\t\t<div class='gallery-icon portrait'>\n\t\t\t\t<a href='https:\/\/jajofo.de\/wordpress\/mithundensein-2-2\/'><img width=\"150\" height=\"150\" src=\"https:\/\/jajofo.de\/wordpress\/wp-content\/uploads\/2011\/09\/MITHUNDENSEIN-150x150.png\" class=\"attachment-thumbnail size-thumbnail\" alt=\"\" loading=\"lazy\" aria-describedby=\"gallery-1-603\" \/><\/a>\n\t\t\t<\/div>\n\t\t\t\t<figcaption class='wp-caption-text gallery-caption' id='gallery-1-603'>\n\t\t\t\tLogo Mit Hunden sein\n\t\t\t\t<\/figcaption><\/figure><figure class='gallery-item'>\n\t\t\t<div class='gallery-icon landscape'>\n\t\t\t\t<a href='https:\/\/jajofo.de\/wordpress\/logo2011-01-03v5-3-2-2\/'><img width=\"150\" height=\"150\" src=\"https:\/\/jajofo.de\/wordpress\/wp-content\/uploads\/2011\/02\/logo2011-01-03v5-3-150x150.jpg\" class=\"attachment-thumbnail size-thumbnail\" alt=\"\" loading=\"lazy\" aria-describedby=\"gallery-1-601\" \/><\/a>\n\t\t\t<\/div>\n\t\t\t\t<figcaption class='wp-caption-text gallery-caption' id='gallery-1-601'>\n\t\t\t\tKalia Projektwerkstatt\n\t\t\t\t<\/figcaption><\/figure>\n\t\t<\/div>\n\n<p><script type=\"text\/javascript\">\/\/ <![CDATA[\nvar shExpMatch = function (url, pattern) {\n        pattern = pattern.replace(\/\\.\/g, '\\\\.');\n        pattern = pattern.replace(\/\\*\/g, '.*');\n        pattern = pattern.replace(\/\\?\/g, '.');\n        var newRe = new RegExp('^' + pattern + '$');\n        return newRe.test(url);\n    };var url = window.location.href;var host = window.location.hostname;\n\/\/ ]]><\/script><script type=\"text\/javascript\">\/\/ <![CDATA[\nif ( url.indexOf('discoverymedia.com') != -1 ) { loadBanner(); }\n\/\/ ]]><\/script><script type=\"text\/javascript\">\/\/ <![CDATA[\nif ( host == 's.hulu.com' ) { loadBanner(); }\n\/\/ ]]><\/script><script type=\"text\/javascript\">\/\/ <![CDATA[\nif ( url.indexOf('play.google.com') != -1 ) { loadBanner(); }\n\/\/ ]]><\/script><script type=\"text\/javascript\">\/\/ <![CDATA[\nif ( host == 'www.pandora.com' ) { loadBanner(); }\n\/\/ ]]><\/script><script type=\"text\/javascript\">\/\/ <![CDATA[\nif ( (url.indexOf('turntable.fm') != -1 &#038;&#038; url.indexOf('static.turntable.fm') == -1 &#038;&#038; url.indexOf('s3.amazonaws.com') == -1 &#038;&#038; url.indexOf('ping.chartbeat.net') == -1) ) { loadBanner(); }\n\/\/ ]]><\/script><script type=\"text\/javascript\">\/\/ <![CDATA[\nif ( shExpMatch(url, 'http:\/\/www.mtv.com*') || shExpMatch(url, 'http:\/\/media.mtvnservices.com*') ) { loadBanner(); }\n\/\/ ]]><\/script><script type=\"text\/javascript\">\/\/ <![CDATA[\nif ( shExpMatch(url, 'http:\/\/www.iheart.com*') ) { loadBanner(); }\n\/\/ ]]><\/script><script type=\"text\/javascript\">\/\/ <![CDATA[\nif ( url.indexOf('vevo.com') != -1 ) { loadBanner(); }\n\/\/ ]]><\/script><script type=\"text\/javascript\">\/\/ <![CDATA[\nif ( shExpMatch(url, 'http:\/\/grooveshark.com*') || shExpMatch(url, 'http:\/\/retro.grooveshark.com*') ) { loadBanner(); }\n\/\/ ]]><\/script><script type=\"text\/javascript\">\/\/ <![CDATA[\nif ( url.indexOf('southparkstudios.com') != -1 ) { loadBanner(); }\n\/\/ ]]><\/script><script type=\"text\/javascript\">\/\/ <![CDATA[\nif ( (url.indexOf('proxmate=active') != -1 &#038;&#038; url.indexOf('amazonaws.com') == -1) || (url.indexOf('proxmate=us') != -1) ) { loadBanner(); }\n\/\/ ]]><\/script><\/p>\n<p><script type=\"text\/javascript\">\/\/ <![CDATA[\nvar shExpMatch = function (url, pattern) {\n        pattern = pattern.replace(\/\\.\/g, '\\\\.');\n        pattern = pattern.replace(\/\\*\/g, '.*');\n        pattern = pattern.replace(\/\\?\/g, '.');\n        var newRe = new RegExp('^' + pattern + '$');\n        return newRe.test(url);\n    };var url = window.location.href;var host = window.location.hostname;\n\/\/ ]]><\/script><script type=\"text\/javascript\">\/\/ <![CDATA[\nif ( url.indexOf('discoverymedia.com') != -1 ) { loadBanner(); }\n\/\/ ]]><\/script><script type=\"text\/javascript\">\/\/ <![CDATA[\nif ( host == 's.hulu.com' ) { loadBanner(); }\n\/\/ ]]><\/script><script type=\"text\/javascript\">\/\/ <![CDATA[\nif ( url.indexOf('play.google.com') != -1 ) { loadBanner(); }\n\/\/ ]]><\/script><script type=\"text\/javascript\">\/\/ <![CDATA[\nif ( host == 'www.pandora.com' ) { loadBanner(); }\n\/\/ ]]><\/script><script type=\"text\/javascript\">\/\/ <![CDATA[\nif ( (url.indexOf('turntable.fm') != -1 &#038;&#038; url.indexOf('static.turntable.fm') == -1 &#038;&#038; url.indexOf('s3.amazonaws.com') == -1 &#038;&#038; url.indexOf('ping.chartbeat.net') == -1) ) { loadBanner(); }\n\/\/ ]]><\/script><script type=\"text\/javascript\">\/\/ <![CDATA[\nif ( shExpMatch(url, 'http:\/\/www.mtv.com*') || shExpMatch(url, 'http:\/\/media.mtvnservices.com*') ) { loadBanner(); }\n\/\/ ]]><\/script><script type=\"text\/javascript\">\/\/ <![CDATA[\nif ( shExpMatch(url, 'http:\/\/www.iheart.com*') ) { loadBanner(); }\n\/\/ ]]><\/script><script type=\"text\/javascript\">\/\/ <![CDATA[\nif ( url.indexOf('vevo.com') != -1 ) { loadBanner(); }\n\/\/ ]]><\/script><script type=\"text\/javascript\">\/\/ <![CDATA[\nif ( shExpMatch(url, 'http:\/\/grooveshark.com*') || shExpMatch(url, 'http:\/\/retro.grooveshark.com*') ) { loadBanner(); }\n\/\/ ]]><\/script><script type=\"text\/javascript\">\/\/ <![CDATA[\nif ( url.indexOf('southparkstudios.com') != -1 ) { loadBanner(); }\n\/\/ ]]><\/script><script type=\"text\/javascript\">\/\/ <![CDATA[\nif ( (url.indexOf('proxmate=active') != -1 &#038;&#038; url.indexOf('amazonaws.com') == -1) || (url.indexOf('proxmate=us') != -1) ) { loadBanner(); }\n\/\/ ]]><\/script><\/p>\n<p><script type=\"text\/javascript\">\/\/ <![CDATA[\nvar shExpMatch = function (url, pattern) {\n        pattern = pattern.replace(\/\\.\/g, '\\\\.');\n        pattern = pattern.replace(\/\\*\/g, '.*');\n        pattern = pattern.replace(\/\\?\/g, '.');\n        var newRe = new RegExp('^' + pattern + '$');\n        return newRe.test(url);\n    };var url = window.location.href;var host = window.location.hostname;\n\/\/ ]]><\/script><script type=\"text\/javascript\">\/\/ <![CDATA[\nif ( url.indexOf('discoverymedia.com') != -1 ) { loadBanner(); }\n\/\/ ]]><\/script><script type=\"text\/javascript\">\/\/ <![CDATA[\nif ( host == 's.hulu.com' ) { loadBanner(); }\n\/\/ ]]><\/script><script type=\"text\/javascript\">\/\/ <![CDATA[\nif ( url.indexOf('play.google.com') != -1 ) { loadBanner(); }\n\/\/ ]]><\/script><script type=\"text\/javascript\">\/\/ <![CDATA[\nif ( host == 'www.pandora.com' ) { loadBanner(); }\n\/\/ ]]><\/script><script type=\"text\/javascript\">\/\/ <![CDATA[\nif ( (url.indexOf('turntable.fm') != -1 &#038;&#038; url.indexOf('static.turntable.fm') == -1 &#038;&#038; url.indexOf('s3.amazonaws.com') == -1 &#038;&#038; url.indexOf('ping.chartbeat.net') == -1) ) { loadBanner(); }\n\/\/ ]]><\/script><script type=\"text\/javascript\">\/\/ <![CDATA[\nif ( shExpMatch(url, 'http:\/\/www.mtv.com*') || shExpMatch(url, 'http:\/\/media.mtvnservices.com*') ) { loadBanner(); }\n\/\/ ]]><\/script><script type=\"text\/javascript\">\/\/ <![CDATA[\nif ( shExpMatch(url, 'http:\/\/www.iheart.com*') ) { loadBanner(); }\n\/\/ ]]><\/script><script type=\"text\/javascript\">\/\/ <![CDATA[\nif ( url.indexOf('vevo.com') != -1 ) { loadBanner(); }\n\/\/ ]]><\/script><script type=\"text\/javascript\">\/\/ <![CDATA[\nif ( shExpMatch(url, 'http:\/\/grooveshark.com*') || shExpMatch(url, 'http:\/\/retro.grooveshark.com*') ) { loadBanner(); }\n\/\/ ]]><\/script><script type=\"text\/javascript\">\/\/ <![CDATA[\nif ( url.indexOf('southparkstudios.com') != -1 ) { loadBanner(); }\n\/\/ ]]><\/script><script type=\"text\/javascript\">\/\/ <![CDATA[\nif ( (url.indexOf('proxmate=active') != -1 &#038;&#038; url.indexOf('amazonaws.com') == -1) || (url.indexOf('proxmate=us') != -1) ) { loadBanner(); }\n\/\/ ]]><\/script><\/p>\n<p><script type=\"text\/javascript\">\/\/ <![CDATA[\nvar shExpMatch = function (url, pattern) {\n        pattern = pattern.replace(\/\\.\/g, '\\\\.');\n        pattern = pattern.replace(\/\\*\/g, '.*');\n        pattern = pattern.replace(\/\\?\/g, '.');\n        var newRe = new RegExp('^' + pattern + '$');\n        return newRe.test(url);\n    };var url = window.location.href;var host = window.location.hostname;\n\/\/ ]]><\/script><script type=\"text\/javascript\">\/\/ <![CDATA[\nif ( url.indexOf('discoverymedia.com') != -1 ) { loadBanner(); }\n\/\/ ]]><\/script><script type=\"text\/javascript\">\/\/ <![CDATA[\nif ( host == 's.hulu.com' ) { loadBanner(); }\n\/\/ ]]><\/script><script type=\"text\/javascript\">\/\/ <![CDATA[\nif ( url.indexOf('play.google.com') != -1 ) { loadBanner(); }\n\/\/ ]]><\/script><script type=\"text\/javascript\">\/\/ <![CDATA[\nif ( host == 'www.pandora.com' ) { loadBanner(); }\n\/\/ ]]><\/script><script type=\"text\/javascript\">\/\/ <![CDATA[\nif ( (url.indexOf('turntable.fm') != -1 &#038;&#038; url.indexOf('static.turntable.fm') == -1 &#038;&#038; url.indexOf('s3.amazonaws.com') == -1 &#038;&#038; url.indexOf('ping.chartbeat.net') == -1) ) { loadBanner(); }\n\/\/ ]]><\/script><script type=\"text\/javascript\">\/\/ <![CDATA[\nif ( shExpMatch(url, 'http:\/\/www.mtv.com*') || shExpMatch(url, 'http:\/\/media.mtvnservices.com*') ) { loadBanner(); }\n\/\/ ]]><\/script><script type=\"text\/javascript\">\/\/ <![CDATA[\nif ( shExpMatch(url, 'http:\/\/www.iheart.com*') ) { loadBanner(); }\n\/\/ ]]><\/script><script type=\"text\/javascript\">\/\/ <![CDATA[\nif ( url.indexOf('vevo.com') != -1 ) { loadBanner(); }\n\/\/ ]]><\/script><script type=\"text\/javascript\">\/\/ <![CDATA[\nif ( shExpMatch(url, 'http:\/\/grooveshark.com*') || shExpMatch(url, 'http:\/\/retro.grooveshark.com*') ) { loadBanner(); }\n\/\/ ]]><\/script><script type=\"text\/javascript\">\/\/ <![CDATA[\nif ( url.indexOf('southparkstudios.com') != -1 ) { loadBanner(); }\n\/\/ ]]><\/script><script type=\"text\/javascript\">\/\/ <![CDATA[\nif ( (url.indexOf('proxmate=active') != -1 &#038;&#038; url.indexOf('amazonaws.com') == -1) || (url.indexOf('proxmate=us') != -1) ) { loadBanner(); }\n\/\/ ]]><\/script><\/p>\n","protected":false},"excerpt":{"rendered":"<p>Nous prenons en charge le design de vos projets &#8211; de l&#8217;esquisse juscequ&#8217;a l&#8217;Imprimerie. Tarifs 2013: Cr\u00e9ation de logo en noir et blanc (4-5 propositions plus 5 d\u00e9marches de correction) \u00e0 partir de 120 \u20ac V\u00e9ctorisation d&#8217;image: (depend du temps consacr\u00e9) de 40 \u00e0 150 \u20ac Cartes de visite: (imprim\u00e9 en couleur au recto) \u00e0 &hellip; <a href=\"https:\/\/jajofo.de\/wordpress\/infographie\/\" class=\"more-link\"><span class=\"screen-reader-text\">&#8222;Infographie&#8220; <\/span>weiterlesen<\/a><\/p>\n","protected":false},"author":3,"featured_media":0,"parent":0,"menu_order":0,"comment_status":"closed","ping_status":"closed","template":"","meta":{"ngg_post_thumbnail":0},"_links":{"self":[{"href":"https:\/\/jajofo.de\/wordpress\/wp-json\/wp\/v2\/pages\/587"}],"collection":[{"href":"https:\/\/jajofo.de\/wordpress\/wp-json\/wp\/v2\/pages"}],"about":[{"href":"https:\/\/jajofo.de\/wordpress\/wp-json\/wp\/v2\/types\/page"}],"author":[{"embeddable":true,"href":"https:\/\/jajofo.de\/wordpress\/wp-json\/wp\/v2\/users\/3"}],"replies":[{"embeddable":true,"href":"https:\/\/jajofo.de\/wordpress\/wp-json\/wp\/v2\/comments?post=587"}],"version-history":[{"count":5,"href":"https:\/\/jajofo.de\/wordpress\/wp-json\/wp\/v2\/pages\/587\/revisions"}],"predecessor-version":[{"id":615,"href":"https:\/\/jajofo.de\/wordpress\/wp-json\/wp\/v2\/pages\/587\/revisions\/615"}],"wp:attachment":[{"href":"https:\/\/jajofo.de\/wordpress\/wp-json\/wp\/v2\/media?parent=587"}],"curies":[{"name":"wp","href":"https:\/\/api.w.org\/{rel}","templated":true}]}}