{"id":672,"date":"2014-12-11T09:33:48","date_gmt":"2011-03-01T12:59:18","guid":{"rendered":"http:\/\/jajofo.de\/wordpress\/?page_id=672"},"modified":"2018-06-02T15:52:23","modified_gmt":"2018-06-02T15:52:23","slug":"mentions-legales","status":"publish","type":"page","link":"https:\/\/jajofo.de\/wordpress\/mentions-legales\/","title":{"rendered":"Mentions l\u00e9gales"},"content":{"rendered":"<p>R\u00e9sponsable pour ce site:<\/p>\n<p><strong>Jaana Kern n\u00e9e Hoffmann<br \/>\n<\/strong><\/p>\n<p>3, route de Cortevaix &#8211; 71460 Cormatin \/ Frankreich<\/p>\n<p>Telefone: 0033 (0) 3.85.51.94.17<\/p>\n<p>jajofo@gmail.com<\/p>\n<p>SIRET: 491 755 252 000 13<\/p>\n<p>&nbsp;<\/p>\n<p>Qui nous sommes<br \/>\nL&#8217;adresse de notre site web est: http:\/\/jajofo.de\/ JaJoFo.de est une soci\u00e9t\u00e9 ind\u00e9pendante.<\/p>\n<p>Quelles informations personnelles recueillons-nous et pourquoi nous les collectons<br \/>\nPour les commandes effectu\u00e9es via notre formulaire de contact ou toute demande, les donn\u00e9es transmises ne seront pas transmises \u00e0 des tiers. Les noms et les adresses e-mail ainsi que les messages transmis, les images, etc. sont stock\u00e9s ind\u00e9finiment dans mes archives priv\u00e9es. Pour les clients, une entr\u00e9e est faite dans ma base de donn\u00e9es client, qui peut \u00eatre consult\u00e9e \u00e0 tout moment sur demande. L\u00e0, je stocke uniquement les informations de contact et cela uniquement \u00e0 des fins de comptabilit\u00e9 &#8211; en aucun cas ils seront partag\u00e9s. Cela s&#8217;applique \u00e9galement aux images transmises.<\/p>\n<p>commentaires<br \/>\nLorsque les visiteurs \u00e9crivent des commentaires sur le site, nous collectons les donn\u00e9es affich\u00e9es dans le formulaire de commentaire, ainsi que l&#8217;adresse IP du visiteur et la cha\u00eene user-agent (identifiant le navigateur) pour aider \u00e0 d\u00e9tecter les spams ,<\/p>\n<p>\u00c0 partir de votre adresse e-mail, vous pouvez cr\u00e9er une cha\u00eene anonyme (appel\u00e9e hachage) et la soumettre au service Gravatar pour voir si vous l&#8217;utilisez. La politique de confidentialit\u00e9 du service Gravatar peut \u00eatre trouv\u00e9e ici: https:\/\/automattic.com\/privacy\/. Une fois votre commentaire approuv\u00e9, votre photo de profil sera visible publiquement dans le contexte de votre commentaire.<\/p>\n<p>m\u00e9dias<br \/>\nSi vous \u00eates un utilisateur enregistr\u00e9 et que vous t\u00e9l\u00e9chargez des photos sur ce site Web, \u00e9vitez de t\u00e9l\u00e9charger des photos avec un emplacement GPS EXIF. Les visiteurs de ce site Web peuvent t\u00e9l\u00e9charger des photos stock\u00e9es sur ce site Web et extraire leurs informations de localisation.<\/p>\n<p>Formulaires de contact<br \/>\nvoir ci-dessus.<\/p>\n<p>cookies<br \/>\nLorsque vous postez un commentaire sur notre site Web, il peut \u00eatre un consentement \u00e0 enregistrer votre nom, adresse e-mail et site Web dans les cookies. Il s&#8217;agit d&#8217;une fonctionnalit\u00e9 pratique, vous n&#8217;avez donc pas besoin de ressaisir toutes ces donn\u00e9es si vous \u00e9crivez un autre commentaire. Ces cookies sont stock\u00e9s pendant un an.<\/p>\n<p>Si vous avez un compte et vous inscrivez pour ce site, nous allons d\u00e9finir un cookie temporaire pour voir si votre navigateur accepte les cookies. Ce cookie ne contient aucune information personnelle et est ignor\u00e9 lorsque vous fermez votre navigateur.<\/p>\n<p>Lorsque vous vous inscrivez, nous allons mettre en place des cookies pour stocker vos options de connexion et d&#8217;affichage. Les cookies de connexion expirent apr\u00e8s deux jours et les cookies pour les options d&#8217;affichage apr\u00e8s un an. Si vous s\u00e9lectionnez &#8220;Rester connect\u00e9&#8221; lors de votre inscription, votre inscription sera conserv\u00e9e pendant deux semaines. La d\u00e9connexion de votre compte supprimera les cookies de connexion.<\/p>\n<p>Lorsque vous modifiez ou publiez un article, un cookie suppl\u00e9mentaire est enregistr\u00e9 dans votre navigateur. Ce cookie ne contient aucune information personnelle et se r\u00e9f\u00e8re uniquement \u00e0 l&#8217;identifiant de l&#8217;article que vous venez d&#8217;\u00e9diter. Le cookie expire apr\u00e8s un jour.<\/p>\n<p>Contenu int\u00e9gr\u00e9 d&#8217;autres sites Web<br \/>\nLes publications sur ce site peuvent contenir du contenu int\u00e9gr\u00e9 (vid\u00e9os, photos, articles, etc.). Le contenu int\u00e9gr\u00e9 d&#8217;autres sites Web se comporte comme si le visiteur avait visit\u00e9 l&#8217;autre site Web.<\/p>\n<p>Ces sites peuvent collecter des informations vous concernant, utiliser des cookies, int\u00e9grer des services de suivi tiers suppl\u00e9mentaires et enregistrer votre interaction avec ce contenu int\u00e9gr\u00e9, y compris votre interaction avec le contenu int\u00e9gr\u00e9 si vous avez un compte et \u00eates connect\u00e9 \u00e0 ce site.<\/p>\n<p>Services d&#8217;analyse<br \/>\nCe site Web stocke certaines donn\u00e9es d&#8217;agent utilisateur. Ces donn\u00e9es seront utilis\u00e9es pour fournir une exp\u00e9rience plus personnalis\u00e9e et pour suivre votre localisation sur notre site Web conform\u00e9ment au r\u00e8glement europ\u00e9en g\u00e9n\u00e9ral sur la protection des donn\u00e9es. Si vous d\u00e9cidez de ne pas effectuer un suivi ult\u00e9rieur, un cookie sera configur\u00e9 dans votre navigateur pour stocker cette s\u00e9lection pendant un an.<\/p>\n<p>Qui partageons-nous vos donn\u00e9es avec<br \/>\nVoir les services d&#8217;analyse<\/p>\n<p>Combien de temps nous sauvegardons vos donn\u00e9es<br \/>\nSi vous \u00e9crivez un commentaire, il sera stock\u00e9 ind\u00e9finiment, y compris les m\u00e9tadonn\u00e9es. De cette fa\u00e7on, nous pouvons automatiquement d\u00e9tecter et approuver les commentaires d&#8217;\u00e9pisodes au lieu de les conserver dans une file d&#8217;attente de mod\u00e9ration.<\/p>\n<p>Pour les utilisateurs qui s&#8217;inscrivent sur notre site, nous stockons \u00e9galement les informations personnelles qu&#8217;ils fournissent dans leurs profils d&#8217;utilisateurs. Tous les utilisateurs peuvent voir, modifier ou supprimer leurs informations personnelles \u00e0 tout moment (le nom d&#8217;utilisateur ne peut pas \u00eatre chang\u00e9). Les administrateurs de site peuvent \u00e9galement afficher et modifier ces informations.<\/p>\n<p>Quels droits avez-vous sur vos donn\u00e9es?<br \/>\nSi vous avez un compte sur ce site ou avez des commentaires \u00e9crits, vous pouvez nous demander d&#8217;exporter vos informations personnelles, y compris les donn\u00e9es que vous nous fournissez<\/p>\n","protected":false},"excerpt":{"rendered":"<p>R\u00e9sponsable pour ce site: Jaana Kern n\u00e9e Hoffmann 3, route de Cortevaix &#8211; 71460 Cormatin \/ Frankreich Telefone: 0033 (0) 3.85.51.94.17 jajofo@gmail.com SIRET: 491 755 252 000 13 &nbsp; Qui nous sommes L&#8217;adresse de notre site web est: http:\/\/jajofo.de\/ JaJoFo.de est une soci\u00e9t\u00e9 ind\u00e9pendante. Quelles informations personnelles recueillons-nous et pourquoi nous les collectons Pour les &hellip; <a href=\"https:\/\/jajofo.de\/wordpress\/mentions-legales\/\" class=\"more-link\"><span class=\"screen-reader-text\">&#8222;Mentions l\u00e9gales&#8220; <\/span>weiterlesen<\/a><\/p>\n","protected":false},"author":3,"featured_media":0,"parent":0,"menu_order":0,"comment_status":"closed","ping_status":"closed","template":"","meta":{"ngg_post_thumbnail":0},"_links":{"self":[{"href":"https:\/\/jajofo.de\/wordpress\/wp-json\/wp\/v2\/pages\/672"}],"collection":[{"href":"https:\/\/jajofo.de\/wordpress\/wp-json\/wp\/v2\/pages"}],"about":[{"href":"https:\/\/jajofo.de\/wordpress\/wp-json\/wp\/v2\/types\/page"}],"author":[{"embeddable":true,"href":"https:\/\/jajofo.de\/wordpress\/wp-json\/wp\/v2\/users\/3"}],"replies":[{"embeddable":true,"href":"https:\/\/jajofo.de\/wordpress\/wp-json\/wp\/v2\/comments?post=672"}],"version-history":[{"count":4,"href":"https:\/\/jajofo.de\/wordpress\/wp-json\/wp\/v2\/pages\/672\/revisions"}],"predecessor-version":[{"id":1686,"href":"https:\/\/jajofo.de\/wordpress\/wp-json\/wp\/v2\/pages\/672\/revisions\/1686"}],"wp:attachment":[{"href":"https:\/\/jajofo.de\/wordpress\/wp-json\/wp\/v2\/media?parent=672"}],"curies":[{"name":"wp","href":"https:\/\/api.w.org\/{rel}","templated":true}]}}