{"id":824,"date":"2015-04-18T08:56:24","date_gmt":"2015-04-18T08:56:24","guid":{"rendered":"http:\/\/jajofo.de\/wordpress\/?page_id=824"},"modified":"2022-10-13T17:29:56","modified_gmt":"2022-10-13T17:29:56","slug":"webdesign","status":"publish","type":"page","link":"https:\/\/jajofo.de\/wordpress\/webdesign\/","title":{"rendered":"Betreuung &#038; Consulting"},"content":{"rendered":"<p>&nbsp;<\/p>\n<h4 style=\"text-align: center;\">Web-Consulting<\/h4>\n<p style=\"text-align: center;\">Wie funktioniert Webmarketing?<\/p>\n<p style=\"text-align: center;\">Braucht mein Unternehmen einen Twitter-Account?<\/p>\n<p style=\"text-align: center;\">Was ist Monetarisierung?<\/p>\n<p style=\"text-align: center;\">Was brauche ich um eine Crowdfunding-Kampagne zu er\u00f6ffnen?<\/p>\n<p>Die Welt des World Wide Web \u00e4ndert sich st\u00e4ndig und heutzutage hat man als Unternehmer, Aktivist oder ganz einfache Privatperson mehr M\u00f6glichkeiten, auf sich aufmerksam zu machen, als man \u00fcberblicken k\u00f6nnte. Gerne berate ich Sie zu den aktuellen Trends und f\u00fchre Sie auch spezifisch zum Beispiel in die einzelnen Social-Media-Plattformen ein. Buchen Sie ein Gespr\u00e4ch mit mir via Telefon oder Skype zu Ihren Fragen. Ein zirka 45-min\u00fctiges Erstgespr\u00e4ch ist kostenlos!!!<\/p>\n<p><a href=\"http:\/\/jajofo.de\/wordpress\/kontakt\/\"><img loading=\"lazy\" class=\"size-full wp-image-1569 aligncenter\" src=\"http:\/\/jajofo.de\/wordpress\/wp-content\/uploads\/2018\/02\/buttonkontakt.png\" alt=\"\" width=\"192\" height=\"60\"><\/a><\/p>\n<h4>&nbsp;<\/h4>\n<h4 style=\"text-align: center;\">Web-Betreuung<\/h4>\n<p>Eine Webseite m\u00f6chte gepflegt und gewartet werden. Je nach Umfang Ihrer Webpr\u00e4senz und Content-Management-System biete ich ab 50 \u20ac monatlich einen Webmaster-Service f\u00fcr Ihre bestehende Website an. Dazu geh\u00f6ren zum Beispiel Software-Updates und Backups.<\/p>\n<p><a href=\"http:\/\/jajofo.de\/wordpress\/kontakt\/\"><img loading=\"lazy\" class=\"size-full wp-image-1569 aligncenter\" src=\"http:\/\/jajofo.de\/wordpress\/wp-content\/uploads\/2018\/02\/buttonkontakt.png\" alt=\"\" width=\"192\" height=\"60\"><\/a><\/p>\n","protected":false},"excerpt":{"rendered":"<p>&nbsp; Web-Consulting Wie funktioniert Webmarketing? Braucht mein Unternehmen einen Twitter-Account? Was ist Monetarisierung? Was brauche ich um eine Crowdfunding-Kampagne zu er\u00f6ffnen? Die Welt des World Wide Web \u00e4ndert sich st\u00e4ndig und heutzutage hat man als Unternehmer, Aktivist oder ganz einfache Privatperson mehr M\u00f6glichkeiten, auf sich aufmerksam zu machen, als man \u00fcberblicken k\u00f6nnte. Gerne berate ich &hellip; <a href=\"https:\/\/jajofo.de\/wordpress\/webdesign\/\" class=\"more-link\"><span class=\"screen-reader-text\">&#8222;Betreuung &#038; Consulting&#8220; <\/span>weiterlesen<\/a><\/p>\n","protected":false},"author":3,"featured_media":0,"parent":0,"menu_order":0,"comment_status":"closed","ping_status":"open","template":"","meta":{"ngg_post_thumbnail":0},"_links":{"self":[{"href":"https:\/\/jajofo.de\/wordpress\/wp-json\/wp\/v2\/pages\/824"}],"collection":[{"href":"https:\/\/jajofo.de\/wordpress\/wp-json\/wp\/v2\/pages"}],"about":[{"href":"https:\/\/jajofo.de\/wordpress\/wp-json\/wp\/v2\/types\/page"}],"author":[{"embeddable":true,"href":"https:\/\/jajofo.de\/wordpress\/wp-json\/wp\/v2\/users\/3"}],"replies":[{"embeddable":true,"href":"https:\/\/jajofo.de\/wordpress\/wp-json\/wp\/v2\/comments?post=824"}],"version-history":[{"count":10,"href":"https:\/\/jajofo.de\/wordpress\/wp-json\/wp\/v2\/pages\/824\/revisions"}],"predecessor-version":[{"id":1760,"href":"https:\/\/jajofo.de\/wordpress\/wp-json\/wp\/v2\/pages\/824\/revisions\/1760"}],"wp:attachment":[{"href":"https:\/\/jajofo.de\/wordpress\/wp-json\/wp\/v2\/media?parent=824"}],"curies":[{"name":"wp","href":"https:\/\/api.w.org\/{rel}","templated":true}]}}